
{"id":99,"date":"2016-07-06T08:34:55","date_gmt":"2016-07-06T06:34:55","guid":{"rendered":"https:\/\/www.lachat-mouronvalle-avocats.com\/succession-testament\/?page_id=99"},"modified":"2026-01-12T12:28:15","modified_gmt":"2026-01-12T11:28:15","slug":"les-honoraires","status":"publish","type":"page","link":"https:\/\/www.lachat-mouronvalle-avocats.com\/succession-testament\/les-honoraires\/","title":{"rendered":"NOS HONORAIRES"},"content":{"rendered":"<p>[vc_row css=\u00a0\u00bb.vc_custom_1472711723099{margin-bottom: 15px !important;}\u00a0\u00bb][vc_column width=\u00a0\u00bb1\/3&Prime; el_class=\u00a0\u00bbtarifs\u00a0\u00bb][vc_column_text]<\/p>\n<h5>Tarifs consultation<\/h5>\n<p>Consultation cabinet : \u00e0 partir de 180 \u20ac TTC<br \/>\nConsultation \u00e9crite apr\u00e8s rendez-vous:<br \/>\n\u00e0 partir de 400 \u20ac HT<\/p>\n<h5>Au temps pass\u00e9 ou au forfait<\/h5>\n<p>En pratique, nous proposons une r\u00e9mun\u00e9ration au temps pass\u00e9 ou au forfait.<\/p>\n<p>Le tarif horaire du cabinet est de 250 \u20ac HT soit 300 \u20ac TTC<\/p>\n<p><i>Membre d\u2019une association agr\u00e9\u00e9e, nous acceptons le r\u00e8glement des honoraires par ch\u00e8que.<\/i>[\/vc_column_text][\/vc_column][vc_column width=\u00a0\u00bb2\/3&Prime;][vc_column_text]<\/p>\n<h4 class=\"spip\">Des honoraires libres<\/h4>\n<p>La r\u00e9mun\u00e9ration de l\u2019avocat, professionnel lib\u00e9ral, n\u2019est r\u00e9gie par aucun bar\u00e8me professionnel.<\/p>\n<p><strong>L\u2019honoraire doit \u00eatre pr\u00e9visible pour le client et justifiable par l\u2019avocat.<\/strong><\/p>\n<ul>\n<li>L\u2019article 10 de la loi du 31 d\u00e9cembre 1971 \u00e9nonce une liste de crit\u00e8res permettant de fixer le montant de l\u2019honoraire\u00a0:<\/li>\n<li>l\u2019usage<\/li>\n<li>la situation de fortune du client<\/li>\n<li>la difficult\u00e9 de l\u2019affaire<\/li>\n<li>les frais expos\u00e9s par l\u2019avocat<\/li>\n<li>la notori\u00e9t\u00e9 et l\u2019exp\u00e9rience de l\u2019avocat<\/li>\n<li>les diligences effectu\u00e9es<\/li>\n<\/ul>\n<p>[\/vc_column_text][\/vc_column][\/vc_row][vc_row][vc_column width=\u00a0\u00bb1\/3&Prime;][\/vc_column][vc_column width=\u00a0\u00bb1\/3&Prime;][vc_column_text]<\/p>\n<h4>Honoraires de r\u00e9sultat<\/h4>\n<p>Selon la nature de l\u2019affaire, cette r\u00e9mun\u00e9ration peut \u00eatre compl\u00e9t\u00e9e par des honoraires de r\u00e9sultat calcul\u00e9s sur les indemnit\u00e9s obtenues ou l\u2019\u00e9conomie r\u00e9alis\u00e9e.[\/vc_column_text][vc_row_inner][vc_column_inner][vc_column_text]<\/p>\n<h4>Une convention \u00e9crite claire<\/h4>\n<p>Un mandat d\u2019intervention contenant une convention d\u2019honoraires r\u00e9sume les modalit\u00e9s de facturation et fixe les d\u00e9lais de paiement en fonction de l\u2019avancement de la proc\u00e9dure.[\/vc_column_text][\/vc_column_inner][\/vc_row_inner][\/vc_column][vc_column width=\u00a0\u00bb1\/3&Prime;][vc_column_text]<\/p>\n<h4 class=\"spip\">Protection juridique et aide juridictionnelle<\/h4>\n<p>Les honoraires peuvent \u00eatre pris en charge en tout ou partie par votre assureur protection juridique. Vous conservez en tout cas le libre choix de l\u2019avocat.<\/p>\n<p>Notre cabinet n\u2019intervient pas au titre de l\u2019aide juridictionnelle.<\/p>\n<p>[\/vc_column_text][\/vc_column][\/vc_row]<\/p>\n","protected":false},"excerpt":{"rendered":"<p>[vc_row css=\u00a0\u00bb.vc_custom_1472711723099{margin-bottom: 15px !important;}\u00a0\u00bb][vc_column width=\u00a0\u00bb1\/3&Prime; el_class=\u00a0\u00bbtarifs\u00a0\u00bb][vc_column_text] Tarifs consultation Consultation cabinet : \u00e0 partir de 180 \u20ac TTC Consultation \u00e9crite apr\u00e8s rendez-vous: \u00e0 partir de 400 \u20ac [&hellip;]<\/p>\n","protected":false},"author":61,"featured_media":0,"parent":0,"menu_order":0,"comment_status":"closed","ping_status":"closed","template":"","meta":{"footnotes":""},"class_list":["post-99","page","type-page","status-publish","hentry"],"yoast_head":"<!-- This site is optimized with the Yoast SEO plugin v26.9 - https:\/\/yoast.com\/product\/yoast-seo-wordpress\/ -->\n<title>Cabinet d&#039;avocats Grenoble - Honoraires tarifs Maurienne Tarentaise<\/title>\n<meta name=\"description\" content=\"Cabinet d&#039;avocats Lachat Mouronvalle tous nos tarifs et honoraires.\" \/>\n<meta name=\"robots\" content=\"index, follow, max-snippet:-1, max-image-preview:large, max-video-preview:-1\" \/>\n<link rel=\"canonical\" href=\"https:\/\/www.lachat-mouronvalle-avocats.com\/succession-testament\/les-honoraires\/\" \/>\n<meta property=\"og:locale\" content=\"fr_FR\" \/>\n<meta property=\"og:type\" content=\"article\" \/>\n<meta property=\"og:title\" content=\"Cabinet d&#039;avocats Grenoble - Honoraires tarifs Maurienne Tarentaise\" \/>\n<meta property=\"og:description\" content=\"Cabinet d&#039;avocats Lachat Mouronvalle tous nos tarifs et honoraires.\" \/>\n<meta property=\"og:url\" content=\"https:\/\/www.lachat-mouronvalle-avocats.com\/succession-testament\/les-honoraires\/\" \/>\n<meta property=\"og:site_name\" content=\"Lachat Mouronvalle avocats\" \/>\n<meta property=\"article:modified_time\" content=\"2026-01-12T11:28:15+00:00\" \/>\n<meta name=\"twitter:card\" content=\"summary_large_image\" \/>\n<meta name=\"twitter:label1\" content=\"Dur\u00e9e de lecture estim\u00e9e\" \/>\n\t<meta name=\"twitter:data1\" content=\"2 minutes\" \/>\n<script type=\"application\/ld+json\" class=\"yoast-schema-graph\">{\"@context\":\"https:\/\/schema.org\",\"@graph\":[{\"@type\":\"WebPage\",\"@id\":\"https:\/\/www.lachat-mouronvalle-avocats.com\/succession-testament\/les-honoraires\/\",\"url\":\"https:\/\/www.lachat-mouronvalle-avocats.com\/succession-testament\/les-honoraires\/\",\"name\":\"Cabinet d'avocats Grenoble - Honoraires tarifs Maurienne Tarentaise\",\"isPartOf\":{\"@id\":\"https:\/\/www.lachat-mouronvalle-avocats.com\/succession-testament\/#website\"},\"datePublished\":\"2016-07-06T06:34:55+00:00\",\"dateModified\":\"2026-01-12T11:28:15+00:00\",\"description\":\"Cabinet d'avocats Lachat Mouronvalle tous nos tarifs et honoraires.\",\"breadcrumb\":{\"@id\":\"https:\/\/www.lachat-mouronvalle-avocats.com\/succession-testament\/les-honoraires\/#breadcrumb\"},\"inLanguage\":\"fr-FR\",\"potentialAction\":[{\"@type\":\"ReadAction\",\"target\":[\"https:\/\/www.lachat-mouronvalle-avocats.com\/succession-testament\/les-honoraires\/\"]}]},{\"@type\":\"BreadcrumbList\",\"@id\":\"https:\/\/www.lachat-mouronvalle-avocats.com\/succession-testament\/les-honoraires\/#breadcrumb\",\"itemListElement\":[{\"@type\":\"ListItem\",\"position\":1,\"name\":\"Accueil\",\"item\":\"https:\/\/www.lachat-mouronvalle-avocats.com\/succession-testament\/\"},{\"@type\":\"ListItem\",\"position\":2,\"name\":\"NOS HONORAIRES\"}]},{\"@type\":\"WebSite\",\"@id\":\"https:\/\/www.lachat-mouronvalle-avocats.com\/succession-testament\/#website\",\"url\":\"https:\/\/www.lachat-mouronvalle-avocats.com\/succession-testament\/\",\"name\":\"Lachat Mouronvalle avocats\",\"description\":\"\",\"potentialAction\":[{\"@type\":\"SearchAction\",\"target\":{\"@type\":\"EntryPoint\",\"urlTemplate\":\"https:\/\/www.lachat-mouronvalle-avocats.com\/succession-testament\/?s={search_term_string}\"},\"query-input\":{\"@type\":\"PropertyValueSpecification\",\"valueRequired\":true,\"valueName\":\"search_term_string\"}}],\"inLanguage\":\"fr-FR\"}]}<\/script>\n<!-- \/ Yoast SEO plugin. -->","yoast_head_json":{"title":"Cabinet d'avocats Grenoble - Honoraires tarifs Maurienne Tarentaise","description":"Cabinet d'avocats Lachat Mouronvalle tous nos tarifs et honoraires.","robots":{"index":"index","follow":"follow","max-snippet":"max-snippet:-1","max-image-preview":"max-image-preview:large","max-video-preview":"max-video-preview:-1"},"canonical":"https:\/\/www.lachat-mouronvalle-avocats.com\/succession-testament\/les-honoraires\/","og_locale":"fr_FR","og_type":"article","og_title":"Cabinet d'avocats Grenoble - Honoraires tarifs Maurienne Tarentaise","og_description":"Cabinet d'avocats Lachat Mouronvalle tous nos tarifs et honoraires.","og_url":"https:\/\/www.lachat-mouronvalle-avocats.com\/succession-testament\/les-honoraires\/","og_site_name":"Lachat Mouronvalle avocats","article_modified_time":"2026-01-12T11:28:15+00:00","twitter_card":"summary_large_image","twitter_misc":{"Dur\u00e9e de lecture estim\u00e9e":"2 minutes"},"schema":{"@context":"https:\/\/schema.org","@graph":[{"@type":"WebPage","@id":"https:\/\/www.lachat-mouronvalle-avocats.com\/succession-testament\/les-honoraires\/","url":"https:\/\/www.lachat-mouronvalle-avocats.com\/succession-testament\/les-honoraires\/","name":"Cabinet d'avocats Grenoble - Honoraires tarifs Maurienne Tarentaise","isPartOf":{"@id":"https:\/\/www.lachat-mouronvalle-avocats.com\/succession-testament\/#website"},"datePublished":"2016-07-06T06:34:55+00:00","dateModified":"2026-01-12T11:28:15+00:00","description":"Cabinet d'avocats Lachat Mouronvalle tous nos tarifs et honoraires.","breadcrumb":{"@id":"https:\/\/www.lachat-mouronvalle-avocats.com\/succession-testament\/les-honoraires\/#breadcrumb"},"inLanguage":"fr-FR","potentialAction":[{"@type":"ReadAction","target":["https:\/\/www.lachat-mouronvalle-avocats.com\/succession-testament\/les-honoraires\/"]}]},{"@type":"BreadcrumbList","@id":"https:\/\/www.lachat-mouronvalle-avocats.com\/succession-testament\/les-honoraires\/#breadcrumb","itemListElement":[{"@type":"ListItem","position":1,"name":"Accueil","item":"https:\/\/www.lachat-mouronvalle-avocats.com\/succession-testament\/"},{"@type":"ListItem","position":2,"name":"NOS HONORAIRES"}]},{"@type":"WebSite","@id":"https:\/\/www.lachat-mouronvalle-avocats.com\/succession-testament\/#website","url":"https:\/\/www.lachat-mouronvalle-avocats.com\/succession-testament\/","name":"Lachat Mouronvalle avocats","description":"","potentialAction":[{"@type":"SearchAction","target":{"@type":"EntryPoint","urlTemplate":"https:\/\/www.lachat-mouronvalle-avocats.com\/succession-testament\/?s={search_term_string}"},"query-input":{"@type":"PropertyValueSpecification","valueRequired":true,"valueName":"search_term_string"}}],"inLanguage":"fr-FR"}]}},"_links":{"self":[{"href":"https:\/\/www.lachat-mouronvalle-avocats.com\/succession-testament\/wp-json\/wp\/v2\/pages\/99","targetHints":{"allow":["GET"]}}],"collection":[{"href":"https:\/\/www.lachat-mouronvalle-avocats.com\/succession-testament\/wp-json\/wp\/v2\/pages"}],"about":[{"href":"https:\/\/www.lachat-mouronvalle-avocats.com\/succession-testament\/wp-json\/wp\/v2\/types\/page"}],"author":[{"embeddable":true,"href":"https:\/\/www.lachat-mouronvalle-avocats.com\/succession-testament\/wp-json\/wp\/v2\/users\/61"}],"replies":[{"embeddable":true,"href":"https:\/\/www.lachat-mouronvalle-avocats.com\/succession-testament\/wp-json\/wp\/v2\/comments?post=99"}],"version-history":[{"count":29,"href":"https:\/\/www.lachat-mouronvalle-avocats.com\/succession-testament\/wp-json\/wp\/v2\/pages\/99\/revisions"}],"predecessor-version":[{"id":1069,"href":"https:\/\/www.lachat-mouronvalle-avocats.com\/succession-testament\/wp-json\/wp\/v2\/pages\/99\/revisions\/1069"}],"wp:attachment":[{"href":"https:\/\/www.lachat-mouronvalle-avocats.com\/succession-testament\/wp-json\/wp\/v2\/media?parent=99"}],"curies":[{"name":"wp","href":"https:\/\/api.w.org\/{rel}","templated":true}]}}