
{"id":529,"date":"2018-03-05T14:13:27","date_gmt":"2018-03-05T13:13:27","guid":{"rendered":"https:\/\/www.lachat-mouronvalle-avocats.com\/succession-testament\/?page_id=529"},"modified":"2025-07-08T08:11:46","modified_gmt":"2025-07-08T06:11:46","slug":"decisions-obtenues-maitre-lachat","status":"publish","type":"page","link":"https:\/\/www.lachat-mouronvalle-avocats.com\/succession-testament\/decisions-obtenues-maitre-lachat\/","title":{"rendered":"D\u00e9cisions obtenues par Ma\u00eetre Lachat"},"content":{"rendered":"<p>[vc_row][vc_column][vc_column_text]<\/p>\n<p style=\"font-size: 17px; line-height: 23px;\"><strong>D\u00e9cisions obtenues par le Cabinet sur le fondement de l\u2019article 815-11 du code civil permettant \u00e0 un indivisaire d\u2019obtenir une avance \u00e0 valoir sur le partage futur. Cette proc\u00e9dure en la forme des r\u00e9f\u00e9r\u00e9s n\u00e9cessite quelques semaines et permet d\u2019\u00e9viter d\u2019avoir \u00e0 attendre l\u2019issue d\u2019un partage amiable ou judiciaire ce qui peut prendre plusieurs ann\u00e9es.<\/strong><\/p>\n<p>[\/vc_column_text][\/vc_column][\/vc_row][vc_row][vc_column width=\u00a0\u00bb1\/4&Prime;][vc_column_text]<div class=\"flat_box\"><a href=\"https:\/\/www.lachat-mouronvalle-avocats.com\/succession-testament\/wp-content\/uploads\/2025\/07\/jugement-PAF-LYON-2-juin-2025.pdf\" target=\"_blank\"><div class=\"photo_wrapper\"><div class=\"icon themebg\" style=\"background-color:#1e73be\"><i class=\"icon-book\"><\/i><\/div><img loading=\"lazy\" decoding=\"async\" class=\"scale-with-grid\" src=\"https:\/\/www.lachat-mouronvalle-avocats.com\/succession-testament\/wp-content\/uploads\/2016\/08\/slider-photos-code-civil.jpg\" alt=\"slider photos code civil\" width=\"974\" height=\"650\"\/><\/div><div class=\"desc_wrapper\"><h4>Jugement PAF Lyon 22 juin 2025<\/h4><\/div><\/a><\/div>\n[\/vc_column_text][\/vc_column][vc_column width=\u00a0\u00bb1\/4&Prime;][vc_column_text]<div class=\"flat_box\"><a href=\"https:\/\/www.lachat-mouronvalle-avocats.com\/succession-testament\/wp-content\/uploads\/2025\/01\/jugement-PAF-815-11-TJ-LAON-du-22-janvier-2025.pdf\" target=\"_blank\"><div class=\"photo_wrapper\"><div class=\"icon themebg\" style=\"background-color:#1e73be\"><i class=\"icon-book\"><\/i><\/div><img loading=\"lazy\" decoding=\"async\" class=\"scale-with-grid\" src=\"https:\/\/www.lachat-mouronvalle-avocats.com\/succession-testament\/wp-content\/uploads\/2016\/08\/slider-photos-code-civil.jpg\" alt=\"slider photos code civil\" width=\"974\" height=\"650\"\/><\/div><div class=\"desc_wrapper\"><h4>Jugement Laon 22 janvier 2025<\/h4><\/div><\/a><\/div>\n[\/vc_column_text][\/vc_column][vc_column width=\u00a0\u00bb1\/4&Prime;][vc_column_text]<div class=\"flat_box\"><a href=\"https:\/\/www.lachat-mouronvalle-avocats.com\/succession-testament\/wp-content\/uploads\/2022\/11\/jugement-PAF-GRENOBLE-3-novembre-2022-815-11.pdf\" target=\"_blank\"><div class=\"photo_wrapper\"><div class=\"icon themebg\" style=\"background-color:#1e73be\"><i class=\"icon-book\"><\/i><\/div><img loading=\"lazy\" decoding=\"async\" class=\"scale-with-grid\" src=\"https:\/\/www.lachat-mouronvalle-avocats.com\/succession-testament\/wp-content\/uploads\/2016\/08\/slider-photos-code-civil.jpg\" alt=\"slider photos code civil\" width=\"974\" height=\"650\"\/><\/div><div class=\"desc_wrapper\"><h4>Jugement PAF Grenoble 3 novembre 2022<\/h4><\/div><\/a><\/div>\n[\/vc_column_text][\/vc_column][vc_column width=\u00a0\u00bb1\/4&Prime;][vc_column_text]<div class=\"flat_box\"><a href=\"https:\/\/www.lachat-mouronvalle-avocats.com\/succession-testament\/wp-content\/uploads\/2018\/03\/ordonnance-en-la-forme-des-r\u00e9f\u00e9r\u00e9s-815-11-CRETEIL.pdf\" target=\"_blank\"><div class=\"photo_wrapper\"><div class=\"icon themebg\" style=\"background-color:#1e73be\"><i class=\"icon-book\"><\/i><\/div><img loading=\"lazy\" decoding=\"async\" class=\"scale-with-grid\" src=\"https:\/\/www.lachat-mouronvalle-avocats.com\/succession-testament\/wp-content\/uploads\/2016\/08\/slider-photos-code-civil.jpg\" alt=\"slider photos code civil\" width=\"974\" height=\"650\"\/><\/div><div class=\"desc_wrapper\"><h4>Ordonnance F\u00e9vrier 2018 Cr\u00e9teil<\/h4><\/div><\/a><\/div>\n[\/vc_column_text][\/vc_column][\/vc_row][vc_row][vc_column width=\u00a0\u00bb1\/4&Prime;][vc_column_text]<div class=\"flat_box\"><a href=\"https:\/\/www.lachat-mouronvalle-avocats.com\/succession-testament\/wp-content\/uploads\/2019\/03\/Ordonnance-en-la-forme-r\u00e9f\u00e9r\u00e9-13-mars-2019-avance-sur-la-partage.pdf\" target=\"_blank\"><div class=\"photo_wrapper\"><div class=\"icon themebg\" style=\"background-color:#1e73be\"><i class=\"icon-book\"><\/i><\/div><img loading=\"lazy\" decoding=\"async\" class=\"scale-with-grid\" src=\"https:\/\/www.lachat-mouronvalle-avocats.com\/succession-testament\/wp-content\/uploads\/2016\/08\/slider-photos-code-civil.jpg\" alt=\"slider photos code civil\" width=\"974\" height=\"650\"\/><\/div><div class=\"desc_wrapper\"><h4>Ordonnance Mars 2019 Grenoble<\/h4><\/div><\/a><\/div>\n[\/vc_column_text][\/vc_column][vc_column width=\u00a0\u00bb1\/4&Prime;][\/vc_column][vc_column width=\u00a0\u00bb1\/4&Prime;][\/vc_column][vc_column width=\u00a0\u00bb1\/4&Prime;][\/vc_column][\/vc_row]<\/p>\n","protected":false},"excerpt":{"rendered":"<p>[vc_row][vc_column][vc_column_text] D\u00e9cisions obtenues par le Cabinet sur le fondement de l\u2019article 815-11 du code civil permettant \u00e0 un indivisaire d\u2019obtenir une avance \u00e0 valoir sur le [&hellip;]<\/p>\n","protected":false},"author":61,"featured_media":0,"parent":0,"menu_order":0,"comment_status":"closed","ping_status":"closed","template":"","meta":{"footnotes":""},"class_list":["post-529","page","type-page","status-publish","hentry"],"yoast_head":"<!-- This site is optimized with the Yoast SEO plugin v26.9 - https:\/\/yoast.com\/product\/yoast-seo-wordpress\/ -->\n<title>D\u00e9cisions obtenues par Ma\u00eetre Lachat - Lachat Mouronvalle avocats<\/title>\n<meta name=\"robots\" content=\"index, follow, max-snippet:-1, max-image-preview:large, max-video-preview:-1\" \/>\n<link rel=\"canonical\" href=\"https:\/\/www.lachat-mouronvalle-avocats.com\/succession-testament\/decisions-obtenues-maitre-lachat\/\" \/>\n<meta property=\"og:locale\" content=\"fr_FR\" \/>\n<meta property=\"og:type\" content=\"article\" \/>\n<meta property=\"og:title\" content=\"D\u00e9cisions obtenues par Ma\u00eetre Lachat - Lachat Mouronvalle avocats\" \/>\n<meta property=\"og:description\" content=\"[vc_row][vc_column][vc_column_text] D\u00e9cisions obtenues par le Cabinet sur le fondement de l\u2019article 815-11 du code civil permettant \u00e0 un indivisaire d\u2019obtenir une avance \u00e0 valoir sur le [&hellip;]\" \/>\n<meta property=\"og:url\" content=\"https:\/\/www.lachat-mouronvalle-avocats.com\/succession-testament\/decisions-obtenues-maitre-lachat\/\" \/>\n<meta property=\"og:site_name\" content=\"Lachat Mouronvalle avocats\" \/>\n<meta property=\"article:modified_time\" content=\"2025-07-08T06:11:46+00:00\" \/>\n<meta name=\"twitter:card\" content=\"summary_large_image\" \/>\n<meta name=\"twitter:label1\" content=\"Dur\u00e9e de lecture estim\u00e9e\" \/>\n\t<meta name=\"twitter:data1\" content=\"1 minute\" \/>\n<script type=\"application\/ld+json\" class=\"yoast-schema-graph\">{\"@context\":\"https:\/\/schema.org\",\"@graph\":[{\"@type\":\"WebPage\",\"@id\":\"https:\/\/www.lachat-mouronvalle-avocats.com\/succession-testament\/decisions-obtenues-maitre-lachat\/\",\"url\":\"https:\/\/www.lachat-mouronvalle-avocats.com\/succession-testament\/decisions-obtenues-maitre-lachat\/\",\"name\":\"D\u00e9cisions obtenues par Ma\u00eetre Lachat - Lachat Mouronvalle avocats\",\"isPartOf\":{\"@id\":\"https:\/\/www.lachat-mouronvalle-avocats.com\/succession-testament\/#website\"},\"datePublished\":\"2018-03-05T13:13:27+00:00\",\"dateModified\":\"2025-07-08T06:11:46+00:00\",\"breadcrumb\":{\"@id\":\"https:\/\/www.lachat-mouronvalle-avocats.com\/succession-testament\/decisions-obtenues-maitre-lachat\/#breadcrumb\"},\"inLanguage\":\"fr-FR\",\"potentialAction\":[{\"@type\":\"ReadAction\",\"target\":[\"https:\/\/www.lachat-mouronvalle-avocats.com\/succession-testament\/decisions-obtenues-maitre-lachat\/\"]}]},{\"@type\":\"BreadcrumbList\",\"@id\":\"https:\/\/www.lachat-mouronvalle-avocats.com\/succession-testament\/decisions-obtenues-maitre-lachat\/#breadcrumb\",\"itemListElement\":[{\"@type\":\"ListItem\",\"position\":1,\"name\":\"Accueil\",\"item\":\"https:\/\/www.lachat-mouronvalle-avocats.com\/succession-testament\/\"},{\"@type\":\"ListItem\",\"position\":2,\"name\":\"D\u00e9cisions obtenues par Ma\u00eetre Lachat\"}]},{\"@type\":\"WebSite\",\"@id\":\"https:\/\/www.lachat-mouronvalle-avocats.com\/succession-testament\/#website\",\"url\":\"https:\/\/www.lachat-mouronvalle-avocats.com\/succession-testament\/\",\"name\":\"Lachat Mouronvalle avocats\",\"description\":\"\",\"potentialAction\":[{\"@type\":\"SearchAction\",\"target\":{\"@type\":\"EntryPoint\",\"urlTemplate\":\"https:\/\/www.lachat-mouronvalle-avocats.com\/succession-testament\/?s={search_term_string}\"},\"query-input\":{\"@type\":\"PropertyValueSpecification\",\"valueRequired\":true,\"valueName\":\"search_term_string\"}}],\"inLanguage\":\"fr-FR\"}]}<\/script>\n<!-- \/ Yoast SEO plugin. -->","yoast_head_json":{"title":"D\u00e9cisions obtenues par Ma\u00eetre Lachat - Lachat Mouronvalle avocats","robots":{"index":"index","follow":"follow","max-snippet":"max-snippet:-1","max-image-preview":"max-image-preview:large","max-video-preview":"max-video-preview:-1"},"canonical":"https:\/\/www.lachat-mouronvalle-avocats.com\/succession-testament\/decisions-obtenues-maitre-lachat\/","og_locale":"fr_FR","og_type":"article","og_title":"D\u00e9cisions obtenues par Ma\u00eetre Lachat - Lachat Mouronvalle avocats","og_description":"[vc_row][vc_column][vc_column_text] D\u00e9cisions obtenues par le Cabinet sur le fondement de l\u2019article 815-11 du code civil permettant \u00e0 un indivisaire d\u2019obtenir une avance \u00e0 valoir sur le [&hellip;]","og_url":"https:\/\/www.lachat-mouronvalle-avocats.com\/succession-testament\/decisions-obtenues-maitre-lachat\/","og_site_name":"Lachat Mouronvalle avocats","article_modified_time":"2025-07-08T06:11:46+00:00","twitter_card":"summary_large_image","twitter_misc":{"Dur\u00e9e de lecture estim\u00e9e":"1 minute"},"schema":{"@context":"https:\/\/schema.org","@graph":[{"@type":"WebPage","@id":"https:\/\/www.lachat-mouronvalle-avocats.com\/succession-testament\/decisions-obtenues-maitre-lachat\/","url":"https:\/\/www.lachat-mouronvalle-avocats.com\/succession-testament\/decisions-obtenues-maitre-lachat\/","name":"D\u00e9cisions obtenues par Ma\u00eetre Lachat - Lachat Mouronvalle avocats","isPartOf":{"@id":"https:\/\/www.lachat-mouronvalle-avocats.com\/succession-testament\/#website"},"datePublished":"2018-03-05T13:13:27+00:00","dateModified":"2025-07-08T06:11:46+00:00","breadcrumb":{"@id":"https:\/\/www.lachat-mouronvalle-avocats.com\/succession-testament\/decisions-obtenues-maitre-lachat\/#breadcrumb"},"inLanguage":"fr-FR","potentialAction":[{"@type":"ReadAction","target":["https:\/\/www.lachat-mouronvalle-avocats.com\/succession-testament\/decisions-obtenues-maitre-lachat\/"]}]},{"@type":"BreadcrumbList","@id":"https:\/\/www.lachat-mouronvalle-avocats.com\/succession-testament\/decisions-obtenues-maitre-lachat\/#breadcrumb","itemListElement":[{"@type":"ListItem","position":1,"name":"Accueil","item":"https:\/\/www.lachat-mouronvalle-avocats.com\/succession-testament\/"},{"@type":"ListItem","position":2,"name":"D\u00e9cisions obtenues par Ma\u00eetre Lachat"}]},{"@type":"WebSite","@id":"https:\/\/www.lachat-mouronvalle-avocats.com\/succession-testament\/#website","url":"https:\/\/www.lachat-mouronvalle-avocats.com\/succession-testament\/","name":"Lachat Mouronvalle avocats","description":"","potentialAction":[{"@type":"SearchAction","target":{"@type":"EntryPoint","urlTemplate":"https:\/\/www.lachat-mouronvalle-avocats.com\/succession-testament\/?s={search_term_string}"},"query-input":{"@type":"PropertyValueSpecification","valueRequired":true,"valueName":"search_term_string"}}],"inLanguage":"fr-FR"}]}},"_links":{"self":[{"href":"https:\/\/www.lachat-mouronvalle-avocats.com\/succession-testament\/wp-json\/wp\/v2\/pages\/529","targetHints":{"allow":["GET"]}}],"collection":[{"href":"https:\/\/www.lachat-mouronvalle-avocats.com\/succession-testament\/wp-json\/wp\/v2\/pages"}],"about":[{"href":"https:\/\/www.lachat-mouronvalle-avocats.com\/succession-testament\/wp-json\/wp\/v2\/types\/page"}],"author":[{"embeddable":true,"href":"https:\/\/www.lachat-mouronvalle-avocats.com\/succession-testament\/wp-json\/wp\/v2\/users\/61"}],"replies":[{"embeddable":true,"href":"https:\/\/www.lachat-mouronvalle-avocats.com\/succession-testament\/wp-json\/wp\/v2\/comments?post=529"}],"version-history":[{"count":16,"href":"https:\/\/www.lachat-mouronvalle-avocats.com\/succession-testament\/wp-json\/wp\/v2\/pages\/529\/revisions"}],"predecessor-version":[{"id":1061,"href":"https:\/\/www.lachat-mouronvalle-avocats.com\/succession-testament\/wp-json\/wp\/v2\/pages\/529\/revisions\/1061"}],"wp:attachment":[{"href":"https:\/\/www.lachat-mouronvalle-avocats.com\/succession-testament\/wp-json\/wp\/v2\/media?parent=529"}],"curies":[{"name":"wp","href":"https:\/\/api.w.org\/{rel}","templated":true}]}}