
{"id":279,"date":"2016-09-01T07:05:19","date_gmt":"2016-09-01T05:05:19","guid":{"rendered":"https:\/\/www.lachat-mouronvalle-avocats.com\/succession-testament\/?page_id=279"},"modified":"2024-11-04T07:41:47","modified_gmt":"2024-11-04T06:41:47","slug":"publications-de-maitre-lachat","status":"publish","type":"page","link":"https:\/\/www.lachat-mouronvalle-avocats.com\/succession-testament\/publications-de-maitre-lachat\/","title":{"rendered":"Publications"},"content":{"rendered":"<p>[vc_row][vc_column][vc_column_text]<\/p>\n<h3>Publications de Ma\u00eetre Christophe LACHAT, avocat \u00e0 Grenoble<\/h3>\n<p>[\/vc_column_text][\/vc_column]<br \/>\n[vc_column]<br \/>\n[vc_column_text]<\/p>\n<div style=\"display:flex;flex-wrap:wrap;gap:15px\" class=\"publications\">\n<div class=\"flat_box\"><a href=\"https:\/\/www.lachat-mouronvalle-avocats.com\/succession-testament\/wp-content\/uploads\/2024\/11\/Les-Affiches-Les-Affiches-de-Grenoble-et-du-Dauphine\u0301-vendredi-01-novembre-2024-Les-Affiches-de-Grenoble-et-du-Dauphine\u0301-Pages-68-69.pdf\" target=\"_blank\"><div class=\"photo_wrapper\"><div class=\"icon themebg\" style=\"background-color:#1e73be\"><i class=\"icon-newspaper\"><\/i><\/div><img decoding=\"async\" class=\"scale-with-grid\" src=\"https:\/\/www.lachat-mouronvalle-avocats.com\/succession-testament\/wp-content\/uploads\/2024\/11\/Les-Affiches-Les-Affiches-de-Grenoble-et-du-Dauphine\u0301-vendredi-01-novembre-2024-Les-Affiches-de-Grenoble-et-du-Dauphine\u0301-Pages-68-69-scaled.jpg\" alt=\"\" width=\"\" height=\"\"\/><\/div><div class=\"desc_wrapper\"><h4>Les Affiches de Grenoble et du Dauphin\u00e9<\/h4><div class=\"desc\">Vente immobili\u00e8re : les juges font d ela r\u00e9sistance Novembre 2024<\/div><\/div><\/a><\/div>\n<br \/>\n<div class=\"flat_box\"><a href=\"https:\/\/www.lachat-mouronvalle-avocats.com\/succession-testament\/wp-content\/uploads\/2024\/03\/articles-LES-AFFICHES-8-mars-2024-lart-de-contourner-la-procedure-de-partage.pdf\" target=\"_blank\"><div class=\"photo_wrapper\"><div class=\"icon themebg\" style=\"background-color:#1e73be\"><i class=\"icon-newspaper\"><\/i><\/div><img loading=\"lazy\" decoding=\"async\" class=\"scale-with-grid\" src=\"https:\/\/www.lachat-mouronvalle-avocats.com\/succession-testament\/wp-content\/uploads\/2024\/03\/articles-LES-AFFICHES-8-mars-2024-lart-de-contourner-la-procedure-de-partage.png\" alt=\"articles LES AFFICHES 8 mars 2024 l'art de contourner la proc\u00e9dure de partage\" width=\"1614\" height=\"1102\"\/><\/div><div class=\"desc_wrapper\"><h4>Les Affiches de Grenoble et du Dauphin\u00e9<\/h4><div class=\"desc\">L&rsquo;art de contourner la proc\u00e9dure au fond en mati\u00e8re de partage Mars 2024<\/div><\/div><\/a><\/div>\n<br \/>\n<div class=\"flat_box\"><a href=\"https:\/\/www.lachat-mouronvalle-avocats.com\/succession-testament\/wp-content\/uploads\/2023\/04\/Article-LES-AFFICHES-21-avril-2023-INDEMNITES-DOCCUPATION-ET-INDIVISION.pdf\" target=\"_blank\"><div class=\"photo_wrapper\"><div class=\"icon themebg\" style=\"background-color:#1e73be\"><i class=\"icon-newspaper\"><\/i><\/div><img loading=\"lazy\" decoding=\"async\" class=\"scale-with-grid\" src=\"https:\/\/www.lachat-mouronvalle-avocats.com\/succession-testament\/wp-content\/uploads\/2023\/04\/Article-LES-AFFICHES-21-avril-2023-INDEMNITES-DOCCUPATION-ET-INDIVISION.jpg\" alt=\"Article LES AFFICHES 21 avril 2023 INDEMNITES D'OCCUPATION ET INDIVISION\" width=\"1614\" height=\"1102\"\/><\/div><div class=\"desc_wrapper\"><h4>Les Affiches de Grenoble et du Dauphin\u00e9<\/h4><div class=\"desc\">Indemnit\u00e9 d&rsquo;occupation et indivision : le prix du temps qui passe Avril 2023<\/div><\/div><\/a><\/div>\n<br \/>\n<div class=\"flat_box\"><a href=\"https:\/\/www.lachat-mouronvalle-avocats.com\/succession-testament\/wp-content\/uploads\/2020\/09\/202009041331.pdf\" target=\"_blank\"><div class=\"photo_wrapper\"><div class=\"icon themebg\" style=\"background-color:#1e73be\"><i class=\"icon-newspaper\"><\/i><\/div><img loading=\"lazy\" decoding=\"async\" class=\"scale-with-grid\" src=\"https:\/\/www.lachat-mouronvalle-avocats.com\/succession-testament\/wp-content\/uploads\/2020\/09\/affiche-septembre-2020.jpg\" alt=\"affiche-septembre-2020\" width=\"1593\" height=\"1107\"\/><\/div><div class=\"desc_wrapper\"><h4>Les Affiches de Grenoble et du Dauphin\u00e9<\/h4><div class=\"desc\">Succession: la loi du silence<br \/>\nSeptembre 2020<\/div><\/div><\/a><\/div>\n<br \/>\n<div class=\"flat_box\"><a href=\"https:\/\/www.lachat-mouronvalle-avocats.com\/succession-testament\/wp-content\/uploads\/2019\/04\/article-LES-AFFICHES-Divorce-la-fin-des-comptes.pdf\" target=\"_blank\"><div class=\"photo_wrapper\"><div class=\"icon themebg\" style=\"background-color:#1e73be\"><i class=\"icon-newspaper\"><\/i><\/div><img loading=\"lazy\" decoding=\"async\" class=\"scale-with-grid\" src=\"https:\/\/www.lachat-mouronvalle-avocats.com\/succession-testament\/wp-content\/uploads\/2019\/04\/article-LES-AFFICHES-Divorce-la-fin-des-comptes.jpeg\" alt=\"article LES AFFICHES Divorce la fin des comptes\" width=\"1602\" height=\"1098\"\/><\/div><div class=\"desc_wrapper\"><h4>Les Affiches de Grenoble et du Dauphin\u00e9 <\/h4><div class=\"desc\">Divorce, la fin des comptes ?<br \/>\nAvril 2019<\/div><\/div><\/a><\/div>\n<br \/>\n<div class=\"flat_box\"><a href=\"https:\/\/www.lachat-mouronvalle-avocats.com\/succession-testament\/wp-content\/uploads\/2016\/09\/Article-Les-Affiches-12-janvier-2018-indivision-comment-acc\u00e9l\u00e9rer-le-partage.pdf\" target=\"_blank\"><div class=\"photo_wrapper\"><div class=\"icon themebg\" style=\"background-color:#1e73be\"><i class=\"icon-newspaper\"><\/i><\/div><img loading=\"lazy\" decoding=\"async\" class=\"scale-with-grid\" src=\"https:\/\/www.lachat-mouronvalle-avocats.com\/succession-testament\/wp-content\/uploads\/2016\/09\/Article-Les-Affiches-12-janvier-2018-indivision-comment-acc\u00e9l\u00e9rer-le-partage-1.jpeg\" alt=\"Article Les Affiches 12 janvier 2018 indivision comment acc\u00e9l\u00e9rer le partage\" width=\"250\" height=\"169\"\/><\/div><div class=\"desc_wrapper\"><h4>Les Affiches de Grenoble et du Dauphin\u00e9 <\/h4><div class=\"desc\">Indivision comment acc\u00e9l\u00e9rer le partage<br \/>\n12 Janvier 2018<\/div><\/div><\/a><\/div>\n<br \/>\n<div class=\"flat_box\"><a href=\"https:\/\/www.lachat-mouronvalle-avocats.com\/succession-testament\/wp-content\/uploads\/2016\/08\/article_LES_AFFICHES_successions_internationales.pdf\" target=\"_blank\"><div class=\"photo_wrapper\"><div class=\"icon themebg\" style=\"background-color:#1e73be\"><i class=\"icon-newspaper\"><\/i><\/div><img loading=\"lazy\" decoding=\"async\" class=\"scale-with-grid\" src=\"https:\/\/www.lachat-mouronvalle-avocats.com\/succession-testament\/wp-content\/uploads\/2016\/09\/article_LES_AFFICHES_successions_internationales.jpeg\" alt=\"article_LES_AFFICHES_successions_internationales\" width=\"250\" height=\"169\"\/><\/div><div class=\"desc_wrapper\"><h4>Les Affiches de Grenoble et du Dauphin\u00e9<\/h4><div class=\"desc\">Les successions internationales<br \/>\nSeptembre 2015<\/div><\/div><\/a><\/div>\n<br \/>\n<div class=\"flat_box\"><a href=\"https:\/\/www.lachat-mouronvalle-avocats.com\/succession-testament\/wp-content\/uploads\/2016\/08\/article_Les_Affiches_janvier_2015-2.pdf\" target=\"_blank\"><div class=\"photo_wrapper\"><div class=\"icon themebg\" style=\"background-color:#1e73be\"><i class=\"icon-newspaper\"><\/i><\/div><img loading=\"lazy\" decoding=\"async\" class=\"scale-with-grid\" src=\"https:\/\/www.lachat-mouronvalle-avocats.com\/succession-testament\/wp-content\/uploads\/2016\/09\/article_Les_Affiches_janvier_2015-2.jpeg\" alt=\"article_Les_Affiches_janvier_2015-2\" width=\"250\" height=\"172\"\/><\/div><div class=\"desc_wrapper\"><h4>Les Affiches de Grenoble et du Dauphin\u00e9<\/h4><div class=\"desc\">Mieux vaut pr\u00e9venir que &#8230; plaider<br \/>\nJanvier 2015<\/div><\/div><\/a><\/div>\n<br \/>\n<div class=\"flat_box\"><a href=\"https:\/\/www.lachat-mouronvalle-avocats.com\/succession-testament\/wp-content\/uploads\/2016\/08\/article_de_Me_Christophe_Lachat_Les_Affiches_14_juin_2013-2.pdf\" target=\"_blank\"><div class=\"photo_wrapper\"><div class=\"icon themebg\" style=\"background-color:#1e73be\"><i class=\"icon-newspaper\"><\/i><\/div><img loading=\"lazy\" decoding=\"async\" class=\"scale-with-grid\" src=\"https:\/\/www.lachat-mouronvalle-avocats.com\/succession-testament\/wp-content\/uploads\/2016\/09\/article_de_Me_Christophe_Lachat_Les_Affiches_14_juin_2013-2-1.jpeg\" alt=\"article_de_Me_Christophe_Lachat_Les_Affiches_14_juin_2013-2\" width=\"250\" height=\"169\"\/><\/div><div class=\"desc_wrapper\"><h4>Les Affiches de Grenoble et du Dauphin\u00e9<\/h4><div class=\"desc\">J&rsquo;y suis j&rsquo;y reste ou comment g\u00e9rer le contentieux li\u00e9 \u00e0 l\u2019occupation d&rsquo;un bien indivis<br \/>\nJuin 2013<\/div><\/div><\/a><\/div>\n<br \/>\n<div class=\"flat_box\"><a href=\"https:\/\/www.lachat-mouronvalle-avocats.com\/succession-testament\/wp-content\/uploads\/2016\/08\/article_Les_Affiches_14_decembre_2012.pdf\" target=\"_blank\"><div class=\"photo_wrapper\"><div class=\"icon themebg\" style=\"background-color:#1e73be\"><i class=\"icon-newspaper\"><\/i><\/div><img loading=\"lazy\" decoding=\"async\" class=\"scale-with-grid\" src=\"https:\/\/www.lachat-mouronvalle-avocats.com\/succession-testament\/wp-content\/uploads\/2016\/09\/article_Les_Affiches_14_decembre_2012-1.jpeg\" alt=\"article_Les_Affiches_14_decembre_2012\" width=\"250\" height=\"169\"\/><\/div><div class=\"desc_wrapper\"><h4>Les Affiches de Grenoble et du Dauphin\u00e9 <\/h4><div class=\"desc\">J&rsquo;habite chez ma m\u00e8re ! Le rapport de l&rsquo;avantage r\u00e9sultant d&rsquo;un h\u00e9bergement gratuit<br \/>\nJanvier 2013<\/div><\/div><\/a><\/div>\n<br \/>\n<div class=\"flat_box\"><a href=\"https:\/\/www.lachat-mouronvalle-avocats.com\/succession-testament\/wp-content\/uploads\/2016\/08\/Article_Me_Christophe_Lachat_paru_dans_Les_Affiches_decembre_2001_Les_liens_du_coeur_avant_les_liens_du_sang.pdf\" target=\"_blank\"><div class=\"photo_wrapper\"><div class=\"icon themebg\" style=\"background-color:#1e73be\"><i class=\"icon-newspaper\"><\/i><\/div><img loading=\"lazy\" decoding=\"async\" class=\"scale-with-grid\" src=\"https:\/\/www.lachat-mouronvalle-avocats.com\/succession-testament\/wp-content\/uploads\/2016\/09\/Article_Me_Christophe_Lachat_paru_dans_Les_Affiches_decembre_2001_Les_liens_du_coeur_avant_les_liens_du_sang.jpeg\" alt=\"Article_Me_Christophe_Lachat_paru_dans_Les_Affiches_decembre_2001_Les_liens_du_coeur_avant_les_liens_du_sang\" width=\"250\" height=\"174\"\/><\/div><div class=\"desc_wrapper\"><h4>Les Affiches de Grenoble et du dauphin\u00e9<\/h4><div class=\"desc\">Les liens du coeur avant les liens du sang.<br \/>\nD\u00e9cembre 2011<\/div><\/div><\/a><\/div>\n<br \/>\n<div class=\"flat_box\"><a href=\"https:\/\/www.lachat-mouronvalle-avocats.com\/succession-testament\/wp-content\/uploads\/2016\/09\/assurance-vie.pdf\" target=\"_blank\"><div class=\"photo_wrapper\"><div class=\"icon themebg\" style=\"background-color:#1e73be\"><i class=\"icon-newspaper\"><\/i><\/div><img loading=\"lazy\" decoding=\"async\" class=\"scale-with-grid\" src=\"https:\/\/www.lachat-mouronvalle-avocats.com\/succession-testament\/wp-content\/uploads\/2016\/09\/Assurance-vie.jpeg\" alt=\"Assurance vie\" width=\"250\" height=\"169\"\/><\/div><div class=\"desc_wrapper\"><h4>Les Affiches de Grenoble et du Dauphin\u00e9<\/h4><div class=\"desc\">Assurance vie et risque de requalification en donation<br \/>\nF\u00e9vrier 2011<\/div><\/div><\/a><\/div>\n<br \/>\n<div class=\"flat_box\"><a href=\"https:\/\/www.lachat-mouronvalle-avocats.com\/succession-testament\/wp-content\/uploads\/2016\/08\/Article_de_Me_Christophe_LACHAT_paru_dans_Les_Affiches_juin_2003_Donation_et_succession.pdf\" target=\"_blank\"><div class=\"photo_wrapper\"><div class=\"icon themebg\" style=\"background-color:#1e73be\"><i class=\"icon-newspaper\"><\/i><\/div><img loading=\"lazy\" decoding=\"async\" class=\"scale-with-grid\" src=\"https:\/\/www.lachat-mouronvalle-avocats.com\/succession-testament\/wp-content\/uploads\/2016\/09\/Article_de_Me_Christophe_LACHAT_paru_dans_Les_Affiches_juin_2003_Donation_et_succession.jpeg\" alt=\"Article_de_Me_Christophe_LACHAT_paru_dans_Les_Affiches_juin_2003_Donation_et_succession\" width=\"250\" height=\"177\"\/><\/div><div class=\"desc_wrapper\"><h4>Les Affiches de Grenoble et du Dauphin\u00e9<\/h4><div class=\"desc\">Donation et succession : une libert\u00e9 surveill\u00e9e<br \/>\nJuin 2003<\/div><\/div><\/a><\/div>\n<br \/>\n<div class=\"flat_box\"><a href=\"https:\/\/www.lachat-mouronvalle-avocats.com\/succession-testament\/wp-content\/uploads\/2016\/09\/article-LES-AFFICHES-Vente-bien-indivis.pdf\" target=\"_blank\"><div class=\"photo_wrapper\"><div class=\"icon themebg\" style=\"background-color:#1e73be\"><i class=\"icon-newspaper\"><\/i><\/div><img loading=\"lazy\" decoding=\"async\" class=\"scale-with-grid\" src=\"https:\/\/www.lachat-mouronvalle-avocats.com\/succession-testament\/wp-content\/uploads\/2016\/09\/article-LES-AFFICHES-Vente-bien-indivis-1.jpeg\" alt=\"article-les-affiches-vente-bien-indivis\" width=\"250\" height=\"169\"\/><\/div><div class=\"desc_wrapper\"><h4>Les Affiches de Grenoble et du Dauphin\u00e9<\/h4><div class=\"desc\">Vente d&rsquo;un immeuble indivis: quand la porte est ferm\u00e9e&#8230; passez par la fen\u00eatre<\/div><\/div><\/a><\/div>\n<\/div>\n<p>[\/vc_column_text][\/vc_column]<\/p>\n<p>[\/vc_row][vc_row][vc_column][\/vc_column][\/vc_row]<\/p>\n<style>\n.publications>div{flex-basis:22%;max-width:22%}\n.publications img{width:100%}\n.publications>div a{display:inline-block;width:100%}\n<\/style>\n","protected":false},"excerpt":{"rendered":"<p>[vc_row][vc_column][vc_column_text] Publications de Ma\u00eetre Christophe LACHAT, avocat \u00e0 Grenoble [\/vc_column_text][\/vc_column] [vc_column] [vc_column_text] [\/vc_column_text][\/vc_column] [\/vc_row][vc_row][vc_column][\/vc_column][\/vc_row]<\/p>\n","protected":false},"author":61,"featured_media":0,"parent":0,"menu_order":0,"comment_status":"closed","ping_status":"closed","template":"","meta":{"footnotes":""},"class_list":["post-279","page","type-page","status-publish","hentry"],"yoast_head":"<!-- This site is optimized with the Yoast SEO plugin v26.9 - https:\/\/yoast.com\/product\/yoast-seo-wordpress\/ -->\n<title>Publications - Lachat Mouronvalle avocats<\/title>\n<meta name=\"robots\" content=\"index, follow, max-snippet:-1, max-image-preview:large, max-video-preview:-1\" \/>\n<link rel=\"canonical\" href=\"https:\/\/www.lachat-mouronvalle-avocats.com\/succession-testament\/publications-de-maitre-lachat\/\" \/>\n<meta property=\"og:locale\" content=\"fr_FR\" \/>\n<meta property=\"og:type\" content=\"article\" \/>\n<meta property=\"og:title\" content=\"Publications - Lachat Mouronvalle avocats\" \/>\n<meta property=\"og:description\" content=\"[vc_row][vc_column][vc_column_text] Publications de Ma\u00eetre Christophe LACHAT, avocat \u00e0 Grenoble [\/vc_column_text][\/vc_column] [vc_column] [vc_column_text] [\/vc_column_text][\/vc_column] [\/vc_row][vc_row][vc_column][\/vc_column][\/vc_row]\" \/>\n<meta property=\"og:url\" content=\"https:\/\/www.lachat-mouronvalle-avocats.com\/succession-testament\/publications-de-maitre-lachat\/\" \/>\n<meta property=\"og:site_name\" content=\"Lachat Mouronvalle avocats\" \/>\n<meta property=\"article:modified_time\" content=\"2024-11-04T06:41:47+00:00\" \/>\n<meta name=\"twitter:card\" content=\"summary_large_image\" \/>\n<meta name=\"twitter:label1\" content=\"Dur\u00e9e de lecture estim\u00e9e\" \/>\n\t<meta name=\"twitter:data1\" content=\"2 minutes\" \/>\n<script type=\"application\/ld+json\" class=\"yoast-schema-graph\">{\"@context\":\"https:\/\/schema.org\",\"@graph\":[{\"@type\":\"WebPage\",\"@id\":\"https:\/\/www.lachat-mouronvalle-avocats.com\/succession-testament\/publications-de-maitre-lachat\/\",\"url\":\"https:\/\/www.lachat-mouronvalle-avocats.com\/succession-testament\/publications-de-maitre-lachat\/\",\"name\":\"Publications - Lachat Mouronvalle avocats\",\"isPartOf\":{\"@id\":\"https:\/\/www.lachat-mouronvalle-avocats.com\/succession-testament\/#website\"},\"datePublished\":\"2016-09-01T05:05:19+00:00\",\"dateModified\":\"2024-11-04T06:41:47+00:00\",\"breadcrumb\":{\"@id\":\"https:\/\/www.lachat-mouronvalle-avocats.com\/succession-testament\/publications-de-maitre-lachat\/#breadcrumb\"},\"inLanguage\":\"fr-FR\",\"potentialAction\":[{\"@type\":\"ReadAction\",\"target\":[\"https:\/\/www.lachat-mouronvalle-avocats.com\/succession-testament\/publications-de-maitre-lachat\/\"]}]},{\"@type\":\"BreadcrumbList\",\"@id\":\"https:\/\/www.lachat-mouronvalle-avocats.com\/succession-testament\/publications-de-maitre-lachat\/#breadcrumb\",\"itemListElement\":[{\"@type\":\"ListItem\",\"position\":1,\"name\":\"Accueil\",\"item\":\"https:\/\/www.lachat-mouronvalle-avocats.com\/succession-testament\/\"},{\"@type\":\"ListItem\",\"position\":2,\"name\":\"Publications\"}]},{\"@type\":\"WebSite\",\"@id\":\"https:\/\/www.lachat-mouronvalle-avocats.com\/succession-testament\/#website\",\"url\":\"https:\/\/www.lachat-mouronvalle-avocats.com\/succession-testament\/\",\"name\":\"Lachat Mouronvalle avocats\",\"description\":\"\",\"potentialAction\":[{\"@type\":\"SearchAction\",\"target\":{\"@type\":\"EntryPoint\",\"urlTemplate\":\"https:\/\/www.lachat-mouronvalle-avocats.com\/succession-testament\/?s={search_term_string}\"},\"query-input\":{\"@type\":\"PropertyValueSpecification\",\"valueRequired\":true,\"valueName\":\"search_term_string\"}}],\"inLanguage\":\"fr-FR\"}]}<\/script>\n<!-- \/ Yoast SEO plugin. -->","yoast_head_json":{"title":"Publications - Lachat Mouronvalle avocats","robots":{"index":"index","follow":"follow","max-snippet":"max-snippet:-1","max-image-preview":"max-image-preview:large","max-video-preview":"max-video-preview:-1"},"canonical":"https:\/\/www.lachat-mouronvalle-avocats.com\/succession-testament\/publications-de-maitre-lachat\/","og_locale":"fr_FR","og_type":"article","og_title":"Publications - Lachat Mouronvalle avocats","og_description":"[vc_row][vc_column][vc_column_text] Publications de Ma\u00eetre Christophe LACHAT, avocat \u00e0 Grenoble [\/vc_column_text][\/vc_column] [vc_column] [vc_column_text] [\/vc_column_text][\/vc_column] [\/vc_row][vc_row][vc_column][\/vc_column][\/vc_row]","og_url":"https:\/\/www.lachat-mouronvalle-avocats.com\/succession-testament\/publications-de-maitre-lachat\/","og_site_name":"Lachat Mouronvalle avocats","article_modified_time":"2024-11-04T06:41:47+00:00","twitter_card":"summary_large_image","twitter_misc":{"Dur\u00e9e de lecture estim\u00e9e":"2 minutes"},"schema":{"@context":"https:\/\/schema.org","@graph":[{"@type":"WebPage","@id":"https:\/\/www.lachat-mouronvalle-avocats.com\/succession-testament\/publications-de-maitre-lachat\/","url":"https:\/\/www.lachat-mouronvalle-avocats.com\/succession-testament\/publications-de-maitre-lachat\/","name":"Publications - Lachat Mouronvalle avocats","isPartOf":{"@id":"https:\/\/www.lachat-mouronvalle-avocats.com\/succession-testament\/#website"},"datePublished":"2016-09-01T05:05:19+00:00","dateModified":"2024-11-04T06:41:47+00:00","breadcrumb":{"@id":"https:\/\/www.lachat-mouronvalle-avocats.com\/succession-testament\/publications-de-maitre-lachat\/#breadcrumb"},"inLanguage":"fr-FR","potentialAction":[{"@type":"ReadAction","target":["https:\/\/www.lachat-mouronvalle-avocats.com\/succession-testament\/publications-de-maitre-lachat\/"]}]},{"@type":"BreadcrumbList","@id":"https:\/\/www.lachat-mouronvalle-avocats.com\/succession-testament\/publications-de-maitre-lachat\/#breadcrumb","itemListElement":[{"@type":"ListItem","position":1,"name":"Accueil","item":"https:\/\/www.lachat-mouronvalle-avocats.com\/succession-testament\/"},{"@type":"ListItem","position":2,"name":"Publications"}]},{"@type":"WebSite","@id":"https:\/\/www.lachat-mouronvalle-avocats.com\/succession-testament\/#website","url":"https:\/\/www.lachat-mouronvalle-avocats.com\/succession-testament\/","name":"Lachat Mouronvalle avocats","description":"","potentialAction":[{"@type":"SearchAction","target":{"@type":"EntryPoint","urlTemplate":"https:\/\/www.lachat-mouronvalle-avocats.com\/succession-testament\/?s={search_term_string}"},"query-input":{"@type":"PropertyValueSpecification","valueRequired":true,"valueName":"search_term_string"}}],"inLanguage":"fr-FR"}]}},"_links":{"self":[{"href":"https:\/\/www.lachat-mouronvalle-avocats.com\/succession-testament\/wp-json\/wp\/v2\/pages\/279","targetHints":{"allow":["GET"]}}],"collection":[{"href":"https:\/\/www.lachat-mouronvalle-avocats.com\/succession-testament\/wp-json\/wp\/v2\/pages"}],"about":[{"href":"https:\/\/www.lachat-mouronvalle-avocats.com\/succession-testament\/wp-json\/wp\/v2\/types\/page"}],"author":[{"embeddable":true,"href":"https:\/\/www.lachat-mouronvalle-avocats.com\/succession-testament\/wp-json\/wp\/v2\/users\/61"}],"replies":[{"embeddable":true,"href":"https:\/\/www.lachat-mouronvalle-avocats.com\/succession-testament\/wp-json\/wp\/v2\/comments?post=279"}],"version-history":[{"count":75,"href":"https:\/\/www.lachat-mouronvalle-avocats.com\/succession-testament\/wp-json\/wp\/v2\/pages\/279\/revisions"}],"predecessor-version":[{"id":1009,"href":"https:\/\/www.lachat-mouronvalle-avocats.com\/succession-testament\/wp-json\/wp\/v2\/pages\/279\/revisions\/1009"}],"wp:attachment":[{"href":"https:\/\/www.lachat-mouronvalle-avocats.com\/succession-testament\/wp-json\/wp\/v2\/media?parent=279"}],"curies":[{"name":"wp","href":"https:\/\/api.w.org\/{rel}","templated":true}]}}