
{"id":191,"date":"2016-08-11T13:36:28","date_gmt":"2016-08-11T11:36:28","guid":{"rendered":"https:\/\/www.lachat-mouronvalle-avocats.com\/succession-testament\/?page_id=191"},"modified":"2020-04-29T15:39:03","modified_gmt":"2020-04-29T13:39:03","slug":"visite-virtuelle","status":"publish","type":"page","link":"https:\/\/www.lachat-mouronvalle-avocats.com\/succession-testament\/visite-virtuelle\/","title":{"rendered":"Visite virtuelle"},"content":{"rendered":"<div id=\"pl-191\"  class=\"panel-layout\" ><div id=\"pg-191-0\"  class=\"panel-grid panel-no-style\" ><div id=\"pgc-191-0-0\"  class=\"panel-grid-cell\" ><div id=\"panel-191-0-0-0\" class=\"so-panel widget widget_media_gallery panel-first-child panel-last-child\" data-index=\"0\" >\n\t\t<style type=\"text\/css\">\n\t\t\t#gallery-1 {\n\t\t\t\tmargin: auto;\n\t\t\t}\n\t\t\t#gallery-1 .gallery-item {\n\t\t\t\tfloat: left;\n\t\t\t\tmargin-top: 10px;\n\t\t\t\ttext-align: center;\n\t\t\t\twidth: 20%;\n\t\t\t}\n\t\t\t#gallery-1 img {\n\t\t\t\tborder: 2px solid #cfcfcf;\n\t\t\t}\n\t\t\t#gallery-1 .gallery-caption {\n\t\t\t\tmargin-left: 0;\n\t\t\t}\n\t\t\t\/* see gallery_shortcode() in wp-includes\/media.php *\/\n\t\t<\/style>\n\t\t<div id='gallery-1' class='gallery galleryid-191 gallery-columns-5 gallery-size-large'><dl class='gallery-item'>\n\t\t\t<dt class='gallery-icon portrait'>\n\t\t\t\t<a href='https:\/\/www.lachat-mouronvalle-avocats.com\/succession-testament\/wp-content\/uploads\/2019\/09\/20190923_103234-1.jpg' title=\"\" data-rl_title=\"\" class=\"rl-gallery-link\" data-rl_caption=\"\" data-rel=\"lightbox-gallery-1\"><img loading=\"lazy\" decoding=\"async\" width=\"500\" height=\"889\" src=\"https:\/\/www.lachat-mouronvalle-avocats.com\/succession-testament\/wp-content\/uploads\/2019\/09\/20190923_103234-1.jpg\" class=\"attachment-large size-large\" alt=\"\" aria-describedby=\"gallery-1-608\" srcset=\"https:\/\/www.lachat-mouronvalle-avocats.com\/succession-testament\/wp-content\/uploads\/2019\/09\/20190923_103234-1.jpg 500w, https:\/\/www.lachat-mouronvalle-avocats.com\/succession-testament\/wp-content\/uploads\/2019\/09\/20190923_103234-1-169x300.jpg 169w, https:\/\/www.lachat-mouronvalle-avocats.com\/succession-testament\/wp-content\/uploads\/2019\/09\/20190923_103234-1-82x146.jpg 82w, https:\/\/www.lachat-mouronvalle-avocats.com\/succession-testament\/wp-content\/uploads\/2019\/09\/20190923_103234-1-28x50.jpg 28w, https:\/\/www.lachat-mouronvalle-avocats.com\/succession-testament\/wp-content\/uploads\/2019\/09\/20190923_103234-1-42x75.jpg 42w\" sizes=\"auto, (max-width: 500px) 100vw, 500px\" \/><\/a>\n\t\t\t<\/dt>\n\t\t\t\t<dd class='wp-caption-text gallery-caption' id='gallery-1-608'>\n\t\t\t\tEntr\u00e9e\n\t\t\t\t<\/dd><\/dl><dl class='gallery-item'>\n\t\t\t<dt class='gallery-icon landscape'>\n\t\t\t\t<a href='https:\/\/www.lachat-mouronvalle-avocats.com\/succession-testament\/wp-content\/uploads\/2016\/08\/20190923_103358.jpg' title=\"\" data-rl_title=\"\" class=\"rl-gallery-link\" data-rl_caption=\"\" data-rel=\"lightbox-gallery-1\"><img loading=\"lazy\" decoding=\"async\" width=\"1024\" height=\"576\" src=\"https:\/\/www.lachat-mouronvalle-avocats.com\/succession-testament\/wp-content\/uploads\/2016\/08\/20190923_103358-1024x576.jpg\" class=\"attachment-large size-large\" alt=\"\" aria-describedby=\"gallery-1-610\" srcset=\"https:\/\/www.lachat-mouronvalle-avocats.com\/succession-testament\/wp-content\/uploads\/2016\/08\/20190923_103358-1024x576.jpg 1024w, https:\/\/www.lachat-mouronvalle-avocats.com\/succession-testament\/wp-content\/uploads\/2016\/08\/20190923_103358-300x169.jpg 300w, https:\/\/www.lachat-mouronvalle-avocats.com\/succession-testament\/wp-content\/uploads\/2016\/08\/20190923_103358-768x432.jpg 768w, https:\/\/www.lachat-mouronvalle-avocats.com\/succession-testament\/wp-content\/uploads\/2016\/08\/20190923_103358-260x146.jpg 260w, https:\/\/www.lachat-mouronvalle-avocats.com\/succession-testament\/wp-content\/uploads\/2016\/08\/20190923_103358-50x28.jpg 50w, https:\/\/www.lachat-mouronvalle-avocats.com\/succession-testament\/wp-content\/uploads\/2016\/08\/20190923_103358-133x75.jpg 133w\" sizes=\"auto, (max-width: 1024px) 100vw, 1024px\" \/><\/a>\n\t\t\t<\/dt>\n\t\t\t\t<dd class='wp-caption-text gallery-caption' id='gallery-1-610'>\n\t\t\t\tFa\u00e7ade bureaux\n\t\t\t\t<\/dd><\/dl><dl class='gallery-item'>\n\t\t\t<dt class='gallery-icon portrait'>\n\t\t\t\t<a href='https:\/\/www.lachat-mouronvalle-avocats.com\/succession-testament\/wp-content\/uploads\/2016\/08\/fa\u00e7ade-bureaux-1.jpg' title=\"\" data-rl_title=\"\" class=\"rl-gallery-link\" data-rl_caption=\"\" data-rel=\"lightbox-gallery-1\"><img loading=\"lazy\" decoding=\"async\" width=\"704\" height=\"938\" src=\"https:\/\/www.lachat-mouronvalle-avocats.com\/succession-testament\/wp-content\/uploads\/2016\/08\/fa\u00e7ade-bureaux-1.jpg\" class=\"attachment-large size-large\" alt=\"\" aria-describedby=\"gallery-1-604\" srcset=\"https:\/\/www.lachat-mouronvalle-avocats.com\/succession-testament\/wp-content\/uploads\/2016\/08\/fa\u00e7ade-bureaux-1.jpg 704w, https:\/\/www.lachat-mouronvalle-avocats.com\/succession-testament\/wp-content\/uploads\/2016\/08\/fa\u00e7ade-bureaux-1-225x300.jpg 225w, https:\/\/www.lachat-mouronvalle-avocats.com\/succession-testament\/wp-content\/uploads\/2016\/08\/fa\u00e7ade-bureaux-1-110x146.jpg 110w, https:\/\/www.lachat-mouronvalle-avocats.com\/succession-testament\/wp-content\/uploads\/2016\/08\/fa\u00e7ade-bureaux-1-38x50.jpg 38w, https:\/\/www.lachat-mouronvalle-avocats.com\/succession-testament\/wp-content\/uploads\/2016\/08\/fa\u00e7ade-bureaux-1-56x75.jpg 56w\" sizes=\"auto, (max-width: 704px) 100vw, 704px\" \/><\/a>\n\t\t\t<\/dt>\n\t\t\t\t<dd class='wp-caption-text gallery-caption' id='gallery-1-604'>\n\t\t\t\tFa\u00e7ade bureaux\n\t\t\t\t<\/dd><\/dl><dl class='gallery-item'>\n\t\t\t<dt class='gallery-icon portrait'>\n\t\t\t\t<a href='https:\/\/www.lachat-mouronvalle-avocats.com\/succession-testament\/wp-content\/uploads\/2016\/08\/salle-r\u00e9ception-client\u00e8le-2.jpg' title=\"\" data-rl_title=\"\" class=\"rl-gallery-link\" data-rl_caption=\"\" data-rel=\"lightbox-gallery-1\"><img loading=\"lazy\" decoding=\"async\" width=\"667\" height=\"889\" src=\"https:\/\/www.lachat-mouronvalle-avocats.com\/succession-testament\/wp-content\/uploads\/2016\/08\/salle-r\u00e9ception-client\u00e8le-2.jpg\" class=\"attachment-large size-large\" alt=\"\" aria-describedby=\"gallery-1-572\" srcset=\"https:\/\/www.lachat-mouronvalle-avocats.com\/succession-testament\/wp-content\/uploads\/2016\/08\/salle-r\u00e9ception-client\u00e8le-2.jpg 667w, https:\/\/www.lachat-mouronvalle-avocats.com\/succession-testament\/wp-content\/uploads\/2016\/08\/salle-r\u00e9ception-client\u00e8le-2-225x300.jpg 225w, https:\/\/www.lachat-mouronvalle-avocats.com\/succession-testament\/wp-content\/uploads\/2016\/08\/salle-r\u00e9ception-client\u00e8le-2-110x146.jpg 110w, https:\/\/www.lachat-mouronvalle-avocats.com\/succession-testament\/wp-content\/uploads\/2016\/08\/salle-r\u00e9ception-client\u00e8le-2-38x50.jpg 38w, https:\/\/www.lachat-mouronvalle-avocats.com\/succession-testament\/wp-content\/uploads\/2016\/08\/salle-r\u00e9ception-client\u00e8le-2-56x75.jpg 56w\" sizes=\"auto, (max-width: 667px) 100vw, 667px\" \/><\/a>\n\t\t\t<\/dt>\n\t\t\t\t<dd class='wp-caption-text gallery-caption' id='gallery-1-572'>\n\t\t\t\tSalle r\u00e9union\n\t\t\t\t<\/dd><\/dl><dl class='gallery-item'>\n\t\t\t<dt class='gallery-icon portrait'>\n\t\t\t\t<a href='https:\/\/www.lachat-mouronvalle-avocats.com\/succession-testament\/wp-content\/uploads\/2016\/08\/salle-r\u00e9ception-client\u00e8le-1.jpg' title=\"\" data-rl_title=\"\" class=\"rl-gallery-link\" data-rl_caption=\"\" data-rel=\"lightbox-gallery-1\"><img loading=\"lazy\" decoding=\"async\" width=\"667\" height=\"889\" src=\"https:\/\/www.lachat-mouronvalle-avocats.com\/succession-testament\/wp-content\/uploads\/2016\/08\/salle-r\u00e9ception-client\u00e8le-1.jpg\" class=\"attachment-large size-large\" alt=\"\" aria-describedby=\"gallery-1-571\" srcset=\"https:\/\/www.lachat-mouronvalle-avocats.com\/succession-testament\/wp-content\/uploads\/2016\/08\/salle-r\u00e9ception-client\u00e8le-1.jpg 667w, https:\/\/www.lachat-mouronvalle-avocats.com\/succession-testament\/wp-content\/uploads\/2016\/08\/salle-r\u00e9ception-client\u00e8le-1-225x300.jpg 225w, https:\/\/www.lachat-mouronvalle-avocats.com\/succession-testament\/wp-content\/uploads\/2016\/08\/salle-r\u00e9ception-client\u00e8le-1-110x146.jpg 110w, https:\/\/www.lachat-mouronvalle-avocats.com\/succession-testament\/wp-content\/uploads\/2016\/08\/salle-r\u00e9ception-client\u00e8le-1-38x50.jpg 38w, https:\/\/www.lachat-mouronvalle-avocats.com\/succession-testament\/wp-content\/uploads\/2016\/08\/salle-r\u00e9ception-client\u00e8le-1-56x75.jpg 56w\" sizes=\"auto, (max-width: 667px) 100vw, 667px\" \/><\/a>\n\t\t\t<\/dt>\n\t\t\t\t<dd class='wp-caption-text gallery-caption' id='gallery-1-571'>\n\t\t\t\tSalle r\u00e9union\n\t\t\t\t<\/dd><\/dl><br style=\"clear: both\" \/><dl class='gallery-item'>\n\t\t\t<dt class='gallery-icon landscape'>\n\t\t\t\t<a href='https:\/\/www.lachat-mouronvalle-avocats.com\/succession-testament\/wp-content\/uploads\/2016\/08\/salle-dattente.jpg' title=\"\" data-rl_title=\"\" class=\"rl-gallery-link\" data-rl_caption=\"\" data-rel=\"lightbox-gallery-1\"><img loading=\"lazy\" decoding=\"async\" width=\"1024\" height=\"768\" src=\"https:\/\/www.lachat-mouronvalle-avocats.com\/succession-testament\/wp-content\/uploads\/2016\/08\/salle-dattente-1024x768.jpg\" class=\"attachment-large size-large\" alt=\"\" aria-describedby=\"gallery-1-570\" srcset=\"https:\/\/www.lachat-mouronvalle-avocats.com\/succession-testament\/wp-content\/uploads\/2016\/08\/salle-dattente-1024x768.jpg 1024w, https:\/\/www.lachat-mouronvalle-avocats.com\/succession-testament\/wp-content\/uploads\/2016\/08\/salle-dattente-300x225.jpg 300w, https:\/\/www.lachat-mouronvalle-avocats.com\/succession-testament\/wp-content\/uploads\/2016\/08\/salle-dattente-768x576.jpg 768w, https:\/\/www.lachat-mouronvalle-avocats.com\/succession-testament\/wp-content\/uploads\/2016\/08\/salle-dattente-195x146.jpg 195w, https:\/\/www.lachat-mouronvalle-avocats.com\/succession-testament\/wp-content\/uploads\/2016\/08\/salle-dattente-50x38.jpg 50w, https:\/\/www.lachat-mouronvalle-avocats.com\/succession-testament\/wp-content\/uploads\/2016\/08\/salle-dattente-100x75.jpg 100w, https:\/\/www.lachat-mouronvalle-avocats.com\/succession-testament\/wp-content\/uploads\/2016\/08\/salle-dattente.jpg 1185w\" sizes=\"auto, (max-width: 1024px) 100vw, 1024px\" \/><\/a>\n\t\t\t<\/dt>\n\t\t\t\t<dd class='wp-caption-text gallery-caption' id='gallery-1-570'>\n\t\t\t\tSalle d&rsquo;attente\n\t\t\t\t<\/dd><\/dl><dl class='gallery-item'>\n\t\t\t<dt class='gallery-icon landscape'>\n\t\t\t\t<a href='https:\/\/www.lachat-mouronvalle-avocats.com\/succession-testament\/wp-content\/uploads\/2016\/08\/Serenite.jpg' title=\"\" data-rl_title=\"\" class=\"rl-gallery-link\" data-rl_caption=\"\" data-rel=\"lightbox-gallery-1\"><img loading=\"lazy\" decoding=\"async\" width=\"500\" height=\"375\" src=\"https:\/\/www.lachat-mouronvalle-avocats.com\/succession-testament\/wp-content\/uploads\/2016\/08\/Serenite.jpg\" class=\"attachment-large size-large\" alt=\"\" aria-describedby=\"gallery-1-454\" srcset=\"https:\/\/www.lachat-mouronvalle-avocats.com\/succession-testament\/wp-content\/uploads\/2016\/08\/Serenite.jpg 500w, https:\/\/www.lachat-mouronvalle-avocats.com\/succession-testament\/wp-content\/uploads\/2016\/08\/Serenite-300x225.jpg 300w, https:\/\/www.lachat-mouronvalle-avocats.com\/succession-testament\/wp-content\/uploads\/2016\/08\/Serenite-195x146.jpg 195w, https:\/\/www.lachat-mouronvalle-avocats.com\/succession-testament\/wp-content\/uploads\/2016\/08\/Serenite-50x38.jpg 50w, https:\/\/www.lachat-mouronvalle-avocats.com\/succession-testament\/wp-content\/uploads\/2016\/08\/Serenite-100x75.jpg 100w\" sizes=\"auto, (max-width: 500px) 100vw, 500px\" \/><\/a>\n\t\t\t<\/dt>\n\t\t\t\t<dd class='wp-caption-text gallery-caption' id='gallery-1-454'>\n\t\t\t\tZenitude\n\t\t\t\t<\/dd><\/dl><dl class='gallery-item'>\n\t\t\t<dt class='gallery-icon portrait'>\n\t\t\t\t<a href='https:\/\/www.lachat-mouronvalle-avocats.com\/succession-testament\/wp-content\/uploads\/2016\/08\/cabinet-LACHAT-hall.jpg' title=\"\" data-rl_title=\"\" class=\"rl-gallery-link\" data-rl_caption=\"\" data-rel=\"lightbox-gallery-1\"><img loading=\"lazy\" decoding=\"async\" width=\"664\" height=\"1024\" src=\"https:\/\/www.lachat-mouronvalle-avocats.com\/succession-testament\/wp-content\/uploads\/2016\/08\/cabinet-LACHAT-hall-664x1024.jpg\" class=\"attachment-large size-large\" alt=\"\" aria-describedby=\"gallery-1-198\" srcset=\"https:\/\/www.lachat-mouronvalle-avocats.com\/succession-testament\/wp-content\/uploads\/2016\/08\/cabinet-LACHAT-hall-664x1024.jpg 664w, https:\/\/www.lachat-mouronvalle-avocats.com\/succession-testament\/wp-content\/uploads\/2016\/08\/cabinet-LACHAT-hall-194x300.jpg 194w, https:\/\/www.lachat-mouronvalle-avocats.com\/succession-testament\/wp-content\/uploads\/2016\/08\/cabinet-LACHAT-hall-768x1185.jpg 768w, https:\/\/www.lachat-mouronvalle-avocats.com\/succession-testament\/wp-content\/uploads\/2016\/08\/cabinet-LACHAT-hall-95x146.jpg 95w, https:\/\/www.lachat-mouronvalle-avocats.com\/succession-testament\/wp-content\/uploads\/2016\/08\/cabinet-LACHAT-hall-32x50.jpg 32w, https:\/\/www.lachat-mouronvalle-avocats.com\/succession-testament\/wp-content\/uploads\/2016\/08\/cabinet-LACHAT-hall-49x75.jpg 49w, https:\/\/www.lachat-mouronvalle-avocats.com\/succession-testament\/wp-content\/uploads\/2016\/08\/cabinet-LACHAT-hall.jpg 1361w\" sizes=\"auto, (max-width: 664px) 100vw, 664px\" \/><\/a>\n\t\t\t<\/dt>\n\t\t\t\t<dd class='wp-caption-text gallery-caption' id='gallery-1-198'>\n\t\t\t\tCouloir\n\t\t\t\t<\/dd><\/dl><dl class='gallery-item'>\n\t\t\t<dt class='gallery-icon landscape'>\n\t\t\t\t<a href='https:\/\/www.lachat-mouronvalle-avocats.com\/succession-testament\/wp-content\/uploads\/2016\/08\/cabinet-Lachat-entr\u00e9e.jpg' title=\"\" data-rl_title=\"\" class=\"rl-gallery-link\" data-rl_caption=\"\" data-rel=\"lightbox-gallery-1\"><img loading=\"lazy\" decoding=\"async\" width=\"1024\" height=\"725\" src=\"https:\/\/www.lachat-mouronvalle-avocats.com\/succession-testament\/wp-content\/uploads\/2016\/08\/cabinet-Lachat-entr\u00e9e-1024x725.jpg\" class=\"attachment-large size-large\" alt=\"\" aria-describedby=\"gallery-1-196\" srcset=\"https:\/\/www.lachat-mouronvalle-avocats.com\/succession-testament\/wp-content\/uploads\/2016\/08\/cabinet-Lachat-entr\u00e9e-1024x725.jpg 1024w, https:\/\/www.lachat-mouronvalle-avocats.com\/succession-testament\/wp-content\/uploads\/2016\/08\/cabinet-Lachat-entr\u00e9e-300x212.jpg 300w, https:\/\/www.lachat-mouronvalle-avocats.com\/succession-testament\/wp-content\/uploads\/2016\/08\/cabinet-Lachat-entr\u00e9e-768x544.jpg 768w, https:\/\/www.lachat-mouronvalle-avocats.com\/succession-testament\/wp-content\/uploads\/2016\/08\/cabinet-Lachat-entr\u00e9e-206x146.jpg 206w, https:\/\/www.lachat-mouronvalle-avocats.com\/succession-testament\/wp-content\/uploads\/2016\/08\/cabinet-Lachat-entr\u00e9e-50x35.jpg 50w, https:\/\/www.lachat-mouronvalle-avocats.com\/succession-testament\/wp-content\/uploads\/2016\/08\/cabinet-Lachat-entr\u00e9e-106x75.jpg 106w\" sizes=\"auto, (max-width: 1024px) 100vw, 1024px\" \/><\/a>\n\t\t\t<\/dt>\n\t\t\t\t<dd class='wp-caption-text gallery-caption' id='gallery-1-196'>\n\t\t\t\tCouloir\n\t\t\t\t<\/dd><\/dl><dl class='gallery-item'>\n\t\t\t<dt class='gallery-icon landscape'>\n\t\t\t\t<a href='https:\/\/www.lachat-mouronvalle-avocats.com\/succession-testament\/wp-content\/uploads\/2016\/08\/cabinet-Lachat-accueil.jpg' title=\"\" data-rl_title=\"\" class=\"rl-gallery-link\" data-rl_caption=\"\" data-rel=\"lightbox-gallery-1\"><img loading=\"lazy\" decoding=\"async\" width=\"1024\" height=\"590\" src=\"https:\/\/www.lachat-mouronvalle-avocats.com\/succession-testament\/wp-content\/uploads\/2016\/08\/cabinet-Lachat-accueil-1024x590.jpg\" class=\"attachment-large size-large\" alt=\"\" aria-describedby=\"gallery-1-195\" srcset=\"https:\/\/www.lachat-mouronvalle-avocats.com\/succession-testament\/wp-content\/uploads\/2016\/08\/cabinet-Lachat-accueil-1024x590.jpg 1024w, https:\/\/www.lachat-mouronvalle-avocats.com\/succession-testament\/wp-content\/uploads\/2016\/08\/cabinet-Lachat-accueil-300x173.jpg 300w, https:\/\/www.lachat-mouronvalle-avocats.com\/succession-testament\/wp-content\/uploads\/2016\/08\/cabinet-Lachat-accueil-768x443.jpg 768w, https:\/\/www.lachat-mouronvalle-avocats.com\/succession-testament\/wp-content\/uploads\/2016\/08\/cabinet-Lachat-accueil-253x146.jpg 253w, https:\/\/www.lachat-mouronvalle-avocats.com\/succession-testament\/wp-content\/uploads\/2016\/08\/cabinet-Lachat-accueil-50x29.jpg 50w, https:\/\/www.lachat-mouronvalle-avocats.com\/succession-testament\/wp-content\/uploads\/2016\/08\/cabinet-Lachat-accueil-130x75.jpg 130w\" sizes=\"auto, (max-width: 1024px) 100vw, 1024px\" \/><\/a>\n\t\t\t<\/dt>\n\t\t\t\t<dd class='wp-caption-text gallery-caption' id='gallery-1-195'>\n\t\t\t\tAccueil\n\t\t\t\t<\/dd><\/dl><br style=\"clear: both\" \/>\n\t\t<\/div>\n<\/div><\/div><\/div><\/div>","protected":false},"excerpt":{"rendered":"<p>Entr\u00e9e Fa\u00e7ade bureaux Fa\u00e7ade bureaux Salle r\u00e9union Salle r\u00e9union Salle d&rsquo;attente Zenitude Couloir Couloir Accueil<\/p>\n","protected":false},"author":61,"featured_media":0,"parent":0,"menu_order":0,"comment_status":"closed","ping_status":"closed","template":"","meta":{"footnotes":""},"class_list":["post-191","page","type-page","status-publish","hentry"],"yoast_head":"<!-- This site is optimized with the Yoast SEO plugin v26.9 - https:\/\/yoast.com\/product\/yoast-seo-wordpress\/ -->\n<title>Visite virtuelle - Lachat Mouronvalle avocats<\/title>\n<meta name=\"robots\" content=\"index, follow, max-snippet:-1, max-image-preview:large, max-video-preview:-1\" \/>\n<link rel=\"canonical\" href=\"https:\/\/www.lachat-mouronvalle-avocats.com\/succession-testament\/visite-virtuelle\/\" \/>\n<meta property=\"og:locale\" content=\"fr_FR\" \/>\n<meta property=\"og:type\" content=\"article\" \/>\n<meta property=\"og:title\" content=\"Visite virtuelle - Lachat Mouronvalle avocats\" \/>\n<meta property=\"og:description\" content=\"Entr\u00e9e Fa\u00e7ade bureaux Fa\u00e7ade bureaux Salle r\u00e9union Salle r\u00e9union Salle d&rsquo;attente Zenitude Couloir Couloir Accueil\" \/>\n<meta property=\"og:url\" content=\"https:\/\/www.lachat-mouronvalle-avocats.com\/succession-testament\/visite-virtuelle\/\" \/>\n<meta property=\"og:site_name\" content=\"Lachat Mouronvalle avocats\" \/>\n<meta property=\"article:modified_time\" content=\"2020-04-29T13:39:03+00:00\" \/>\n<meta name=\"twitter:card\" content=\"summary_large_image\" \/>\n<script type=\"application\/ld+json\" class=\"yoast-schema-graph\">{\"@context\":\"https:\/\/schema.org\",\"@graph\":[{\"@type\":\"WebPage\",\"@id\":\"https:\/\/www.lachat-mouronvalle-avocats.com\/succession-testament\/visite-virtuelle\/\",\"url\":\"https:\/\/www.lachat-mouronvalle-avocats.com\/succession-testament\/visite-virtuelle\/\",\"name\":\"Visite virtuelle - Lachat Mouronvalle avocats\",\"isPartOf\":{\"@id\":\"https:\/\/www.lachat-mouronvalle-avocats.com\/succession-testament\/#website\"},\"datePublished\":\"2016-08-11T11:36:28+00:00\",\"dateModified\":\"2020-04-29T13:39:03+00:00\",\"breadcrumb\":{\"@id\":\"https:\/\/www.lachat-mouronvalle-avocats.com\/succession-testament\/visite-virtuelle\/#breadcrumb\"},\"inLanguage\":\"fr-FR\",\"potentialAction\":[{\"@type\":\"ReadAction\",\"target\":[\"https:\/\/www.lachat-mouronvalle-avocats.com\/succession-testament\/visite-virtuelle\/\"]}]},{\"@type\":\"BreadcrumbList\",\"@id\":\"https:\/\/www.lachat-mouronvalle-avocats.com\/succession-testament\/visite-virtuelle\/#breadcrumb\",\"itemListElement\":[{\"@type\":\"ListItem\",\"position\":1,\"name\":\"Accueil\",\"item\":\"https:\/\/www.lachat-mouronvalle-avocats.com\/succession-testament\/\"},{\"@type\":\"ListItem\",\"position\":2,\"name\":\"Visite virtuelle\"}]},{\"@type\":\"WebSite\",\"@id\":\"https:\/\/www.lachat-mouronvalle-avocats.com\/succession-testament\/#website\",\"url\":\"https:\/\/www.lachat-mouronvalle-avocats.com\/succession-testament\/\",\"name\":\"Lachat Mouronvalle avocats\",\"description\":\"\",\"potentialAction\":[{\"@type\":\"SearchAction\",\"target\":{\"@type\":\"EntryPoint\",\"urlTemplate\":\"https:\/\/www.lachat-mouronvalle-avocats.com\/succession-testament\/?s={search_term_string}\"},\"query-input\":{\"@type\":\"PropertyValueSpecification\",\"valueRequired\":true,\"valueName\":\"search_term_string\"}}],\"inLanguage\":\"fr-FR\"}]}<\/script>\n<!-- \/ Yoast SEO plugin. -->","yoast_head_json":{"title":"Visite virtuelle - Lachat Mouronvalle avocats","robots":{"index":"index","follow":"follow","max-snippet":"max-snippet:-1","max-image-preview":"max-image-preview:large","max-video-preview":"max-video-preview:-1"},"canonical":"https:\/\/www.lachat-mouronvalle-avocats.com\/succession-testament\/visite-virtuelle\/","og_locale":"fr_FR","og_type":"article","og_title":"Visite virtuelle - Lachat Mouronvalle avocats","og_description":"Entr\u00e9e Fa\u00e7ade bureaux Fa\u00e7ade bureaux Salle r\u00e9union Salle r\u00e9union Salle d&rsquo;attente Zenitude Couloir Couloir Accueil","og_url":"https:\/\/www.lachat-mouronvalle-avocats.com\/succession-testament\/visite-virtuelle\/","og_site_name":"Lachat Mouronvalle avocats","article_modified_time":"2020-04-29T13:39:03+00:00","twitter_card":"summary_large_image","schema":{"@context":"https:\/\/schema.org","@graph":[{"@type":"WebPage","@id":"https:\/\/www.lachat-mouronvalle-avocats.com\/succession-testament\/visite-virtuelle\/","url":"https:\/\/www.lachat-mouronvalle-avocats.com\/succession-testament\/visite-virtuelle\/","name":"Visite virtuelle - Lachat Mouronvalle avocats","isPartOf":{"@id":"https:\/\/www.lachat-mouronvalle-avocats.com\/succession-testament\/#website"},"datePublished":"2016-08-11T11:36:28+00:00","dateModified":"2020-04-29T13:39:03+00:00","breadcrumb":{"@id":"https:\/\/www.lachat-mouronvalle-avocats.com\/succession-testament\/visite-virtuelle\/#breadcrumb"},"inLanguage":"fr-FR","potentialAction":[{"@type":"ReadAction","target":["https:\/\/www.lachat-mouronvalle-avocats.com\/succession-testament\/visite-virtuelle\/"]}]},{"@type":"BreadcrumbList","@id":"https:\/\/www.lachat-mouronvalle-avocats.com\/succession-testament\/visite-virtuelle\/#breadcrumb","itemListElement":[{"@type":"ListItem","position":1,"name":"Accueil","item":"https:\/\/www.lachat-mouronvalle-avocats.com\/succession-testament\/"},{"@type":"ListItem","position":2,"name":"Visite virtuelle"}]},{"@type":"WebSite","@id":"https:\/\/www.lachat-mouronvalle-avocats.com\/succession-testament\/#website","url":"https:\/\/www.lachat-mouronvalle-avocats.com\/succession-testament\/","name":"Lachat Mouronvalle avocats","description":"","potentialAction":[{"@type":"SearchAction","target":{"@type":"EntryPoint","urlTemplate":"https:\/\/www.lachat-mouronvalle-avocats.com\/succession-testament\/?s={search_term_string}"},"query-input":{"@type":"PropertyValueSpecification","valueRequired":true,"valueName":"search_term_string"}}],"inLanguage":"fr-FR"}]}},"_links":{"self":[{"href":"https:\/\/www.lachat-mouronvalle-avocats.com\/succession-testament\/wp-json\/wp\/v2\/pages\/191","targetHints":{"allow":["GET"]}}],"collection":[{"href":"https:\/\/www.lachat-mouronvalle-avocats.com\/succession-testament\/wp-json\/wp\/v2\/pages"}],"about":[{"href":"https:\/\/www.lachat-mouronvalle-avocats.com\/succession-testament\/wp-json\/wp\/v2\/types\/page"}],"author":[{"embeddable":true,"href":"https:\/\/www.lachat-mouronvalle-avocats.com\/succession-testament\/wp-json\/wp\/v2\/users\/61"}],"replies":[{"embeddable":true,"href":"https:\/\/www.lachat-mouronvalle-avocats.com\/succession-testament\/wp-json\/wp\/v2\/comments?post=191"}],"version-history":[{"count":83,"href":"https:\/\/www.lachat-mouronvalle-avocats.com\/succession-testament\/wp-json\/wp\/v2\/pages\/191\/revisions"}],"predecessor-version":[{"id":773,"href":"https:\/\/www.lachat-mouronvalle-avocats.com\/succession-testament\/wp-json\/wp\/v2\/pages\/191\/revisions\/773"}],"wp:attachment":[{"href":"https:\/\/www.lachat-mouronvalle-avocats.com\/succession-testament\/wp-json\/wp\/v2\/media?parent=191"}],"curies":[{"name":"wp","href":"https:\/\/api.w.org\/{rel}","templated":true}]}}