
{"id":11,"date":"2016-05-18T14:25:23","date_gmt":"2016-05-18T12:25:23","guid":{"rendered":"http:\/\/themes.muffingroup.com\/be\/medic2\/?page_id=11"},"modified":"2021-11-30T09:55:09","modified_gmt":"2021-11-30T08:55:09","slug":"competences","status":"publish","type":"page","link":"https:\/\/www.lachat-mouronvalle-avocats.com\/succession-testament\/competences\/","title":{"rendered":"NOS COMP\u00c9TENCES"},"content":{"rendered":"<p>[vc_row][vc_column width=\u00a0\u00bb1\/2&Prime;][vc_column_text]<\/p>\n<h4 style=\"text-align: left;\">Historique<\/h4>\n<p>Jeunes avocats collaborateurs, <strong>Christophe Lachat et Gilles Mouronvalle se sont associ\u00e9s en 1996 avec Ma\u00eetre Louis LACHAT<\/strong>, ancien avou\u00e9, devenu avocat sp\u00e9cialis\u00e9 en droit de l\u2019immobilier et des mesures d\u2019ex\u00e9cution.<\/p>\n<p>Tout en d\u00e9veloppant sa propre client\u00e8le, <strong>ce cabinet va devenir le successeur de plusieurs cabinets :<\/strong><\/p>\n<ul>\n<li><strong>Ma\u00eetre CANIN<\/strong>, sp\u00e9cialis\u00e9 en droit public<\/li>\n<li><strong>Ma\u00eetre MULLER,<\/strong> sp\u00e9cialis\u00e9 en droit de la consommation<\/li>\n<li>La<strong> SCP BRIZARD-GOUROUNIAN<\/strong> intervenant en droit de la responsabilit\u00e9.<\/li>\n<\/ul>\n<p>[\/vc_column_text][\/vc_column][vc_column width=\u00a0\u00bb1\/2&Prime;][vc_column_text]<\/p>\n<h4>Conseils et contentieux<\/h4>\n<p><img loading=\"lazy\" decoding=\"async\" class=\"alignleft wp-image-340\" src=\"https:\/\/www.lachat-mouronvalle-avocats.com\/succession-testament\/wp-content\/uploads\/2016\/05\/fotolia_26818611-300x201.jpg\" alt=\"Justice - Avocat et client se serrant la main\" width=\"150\" height=\"100\" srcset=\"https:\/\/www.lachat-mouronvalle-avocats.com\/succession-testament\/wp-content\/uploads\/2016\/05\/fotolia_26818611-300x201.jpg 300w, https:\/\/www.lachat-mouronvalle-avocats.com\/succession-testament\/wp-content\/uploads\/2016\/05\/fotolia_26818611-218x146.jpg 218w, https:\/\/www.lachat-mouronvalle-avocats.com\/succession-testament\/wp-content\/uploads\/2016\/05\/fotolia_26818611-50x34.jpg 50w, https:\/\/www.lachat-mouronvalle-avocats.com\/succession-testament\/wp-content\/uploads\/2016\/05\/fotolia_26818611-112x75.jpg 112w, https:\/\/www.lachat-mouronvalle-avocats.com\/succession-testament\/wp-content\/uploads\/2016\/05\/fotolia_26818611.jpg 500w\" sizes=\"auto, (max-width: 150px) 100vw, 150px\" \/><strong>Nous assistons et repr\u00e9sentons nos clients<\/strong> devant toutes les juridictions nationales mais aussi lors de rendez-vous aupr\u00e8s de notaires, d\u2019experts-comptable, ou \u00e0 l\u2019occasion d\u2019assembl\u00e9e g\u00e9n\u00e9rale de soci\u00e9t\u00e9 ou de copropri\u00e9t\u00e9.<\/p>\n<p><strong><br \/>\nNous sommes \u00e9galement pr\u00e9sents aupr\u00e8s de nos clients<\/strong> lors des expertises amiables ou judiciaires.<\/p>\n<p>Notre client\u00e8le est vari\u00e9e et comprend tout \u00e0 la fois des particuliers, des soci\u00e9t\u00e9s commerciales, des banques et compagnies d\u2019assurance et des collectivit\u00e9s publiques.[\/vc_column_text][\/vc_column][\/vc_row][vc_row][vc_column][vc_column_text]<\/p>\n<h4><img loading=\"lazy\" decoding=\"async\" class=\"alignleft wp-image-341\" src=\"https:\/\/www.lachat-mouronvalle-avocats.com\/succession-testament\/wp-content\/uploads\/2016\/05\/fotolia_54545405-300x200.jpg\" alt=\"CODE JURIDIQUES\" width=\"200\" height=\"133\" srcset=\"https:\/\/www.lachat-mouronvalle-avocats.com\/succession-testament\/wp-content\/uploads\/2016\/05\/fotolia_54545405-300x200.jpg 300w, https:\/\/www.lachat-mouronvalle-avocats.com\/succession-testament\/wp-content\/uploads\/2016\/05\/fotolia_54545405-219x146.jpg 219w, https:\/\/www.lachat-mouronvalle-avocats.com\/succession-testament\/wp-content\/uploads\/2016\/05\/fotolia_54545405-50x33.jpg 50w, https:\/\/www.lachat-mouronvalle-avocats.com\/succession-testament\/wp-content\/uploads\/2016\/05\/fotolia_54545405-113x75.jpg 113w, https:\/\/www.lachat-mouronvalle-avocats.com\/succession-testament\/wp-content\/uploads\/2016\/05\/fotolia_54545405.jpg 500w\" sizes=\"auto, (max-width: 200px) 100vw, 200px\" \/>G\u00e9n\u00e9ralistes ou sp\u00e9cialistes ?<\/h4>\n<p><strong>De formation g\u00e9n\u00e9raliste<\/strong>, nous avons acquis <strong>des certificats de sp\u00e9cialisations<\/strong> (droit de l\u2019immobilier, droit des successions et partage, droit public).<br \/>\nNotre activit\u00e9 va cependant au-del\u00e0 de ces seules sp\u00e9cialit\u00e9s et comprend les mati\u00e8res suivantes :<\/p>\n<p>&nbsp;<\/p>\n<p>&nbsp;<\/p>\n<ul>\n<li><strong>DROIT DE L\u2019IMMOBILIER<\/strong> : copropri\u00e9t\u00e9, bail commercial, d\u2019habitation et rural, construction, vente immobili\u00e8re<\/li>\n<li><strong>DROIT DE L\u2019URBANISME ET MARCHES PUBLICS<\/strong><\/li>\n<li><strong>DROIT DES SUCCESSIONS ET PARTAGE<\/strong> : contentieux relatifs aux indivisions conventionnelles, successorales ou post-communautaires<\/li>\n<li>\u00a0<strong>MESURES D\u2019\u00c9X\u00c9CUTION<\/strong> : recouvrement de cr\u00e9ance en mati\u00e8re civile et commerciale, saisie immobili\u00e8re, inscription hypoth\u00e9caire, vente aux ench\u00e8res<\/li>\n<li><strong>DROIT DE LA RESPONSABILIT\u00c9<\/strong> : r\u00e9paration des pr\u00e9judices corporels et mat\u00e9riels (accident de la circulation, responsabilit\u00e9 m\u00e9dicale)<\/li>\n<li><strong>DROIT DE LA FAMILLE<\/strong> : divorce, s\u00e9paration, tutelle<\/li>\n<li><strong>PROC\u00c9DURES GRACIEUSES<\/strong> : changements de r\u00e9gime matrimonial, envoi en possession, adoption<\/li>\n<\/ul>\n<div class=\"animate\" data-anim-type=\"fadeInLeft\"><div class=\"infobox\" ><div class=\"infobox_wrapper\">\n<h3><strong>Notre coeur d&rsquo;activit\u00e9 se r\u00e9sume \u00e0 cette formule\u00a0 :<br \/>\nDROIT ET PATRIMOINE<\/strong><\/div><\/div>\n<\/div>\n<\/h3>\n<p><strong>\u00a0<\/strong>[\/vc_column_text][\/vc_column][\/vc_row]<\/p>\n","protected":false},"excerpt":{"rendered":"<p>[vc_row][vc_column width=\u00a0\u00bb1\/2&Prime;][vc_column_text] Historique Jeunes avocats collaborateurs, Christophe Lachat et Gilles Mouronvalle se sont associ\u00e9s en 1996 avec Ma\u00eetre Louis LACHAT, ancien avou\u00e9, devenu avocat sp\u00e9cialis\u00e9 en [&hellip;]<\/p>\n","protected":false},"author":61,"featured_media":0,"parent":0,"menu_order":0,"comment_status":"closed","ping_status":"closed","template":"","meta":{"footnotes":""},"class_list":["post-11","page","type-page","status-publish","hentry"],"yoast_head":"<!-- This site is optimized with the Yoast SEO plugin v26.9 - https:\/\/yoast.com\/product\/yoast-seo-wordpress\/ -->\n<title>Vente immobili\u00e8re - permis de construire - hypoth\u00e8que - Annecy Chambery Vienne<\/title>\n<meta name=\"description\" content=\"Cabinet d&#039;avocat Lachat Mouronvalle - Sp\u00e9cialis\u00e9 dans le traitement des affaires li\u00e9es aux permis de construire , ventes immobili\u00e8res et hypoth\u00e8que.\" \/>\n<meta name=\"robots\" content=\"index, follow, max-snippet:-1, max-image-preview:large, max-video-preview:-1\" \/>\n<link rel=\"canonical\" href=\"https:\/\/www.lachat-mouronvalle-avocats.com\/succession-testament\/competences\/\" \/>\n<meta property=\"og:locale\" content=\"fr_FR\" \/>\n<meta property=\"og:type\" content=\"article\" \/>\n<meta property=\"og:title\" content=\"Vente immobili\u00e8re - permis de construire - hypoth\u00e8que - Annecy Chambery Vienne\" \/>\n<meta property=\"og:description\" content=\"Cabinet d&#039;avocat Lachat Mouronvalle - Sp\u00e9cialis\u00e9 dans le traitement des affaires li\u00e9es aux permis de construire , ventes immobili\u00e8res et hypoth\u00e8que.\" \/>\n<meta property=\"og:url\" content=\"https:\/\/www.lachat-mouronvalle-avocats.com\/succession-testament\/competences\/\" \/>\n<meta property=\"og:site_name\" content=\"Lachat Mouronvalle avocats\" \/>\n<meta property=\"article:modified_time\" content=\"2021-11-30T08:55:09+00:00\" \/>\n<meta property=\"og:image\" content=\"https:\/\/www.lachat-mouronvalle-avocats.com\/succession-testament\/wp-content\/uploads\/2016\/05\/fotolia_26818611.jpg\" \/>\n\t<meta property=\"og:image:width\" content=\"500\" \/>\n\t<meta property=\"og:image:height\" content=\"335\" \/>\n\t<meta property=\"og:image:type\" content=\"image\/jpeg\" \/>\n<meta name=\"twitter:card\" content=\"summary_large_image\" \/>\n<meta name=\"twitter:label1\" content=\"Dur\u00e9e de lecture estim\u00e9e\" \/>\n\t<meta name=\"twitter:data1\" content=\"2 minutes\" \/>\n<script type=\"application\/ld+json\" class=\"yoast-schema-graph\">{\"@context\":\"https:\/\/schema.org\",\"@graph\":[{\"@type\":\"WebPage\",\"@id\":\"https:\/\/www.lachat-mouronvalle-avocats.com\/succession-testament\/competences\/\",\"url\":\"https:\/\/www.lachat-mouronvalle-avocats.com\/succession-testament\/competences\/\",\"name\":\"Vente immobili\u00e8re - permis de construire - hypoth\u00e8que - Annecy Chambery Vienne\",\"isPartOf\":{\"@id\":\"https:\/\/www.lachat-mouronvalle-avocats.com\/succession-testament\/#website\"},\"primaryImageOfPage\":{\"@id\":\"https:\/\/www.lachat-mouronvalle-avocats.com\/succession-testament\/competences\/#primaryimage\"},\"image\":{\"@id\":\"https:\/\/www.lachat-mouronvalle-avocats.com\/succession-testament\/competences\/#primaryimage\"},\"thumbnailUrl\":\"https:\/\/www.lachat-mouronvalle-avocats.com\/succession-testament\/wp-content\/uploads\/2016\/05\/fotolia_26818611-300x201.jpg\",\"datePublished\":\"2016-05-18T12:25:23+00:00\",\"dateModified\":\"2021-11-30T08:55:09+00:00\",\"description\":\"Cabinet d'avocat Lachat Mouronvalle - Sp\u00e9cialis\u00e9 dans le traitement des affaires li\u00e9es aux permis de construire , ventes immobili\u00e8res et hypoth\u00e8que.\",\"breadcrumb\":{\"@id\":\"https:\/\/www.lachat-mouronvalle-avocats.com\/succession-testament\/competences\/#breadcrumb\"},\"inLanguage\":\"fr-FR\",\"potentialAction\":[{\"@type\":\"ReadAction\",\"target\":[\"https:\/\/www.lachat-mouronvalle-avocats.com\/succession-testament\/competences\/\"]}]},{\"@type\":\"ImageObject\",\"inLanguage\":\"fr-FR\",\"@id\":\"https:\/\/www.lachat-mouronvalle-avocats.com\/succession-testament\/competences\/#primaryimage\",\"url\":\"https:\/\/www.lachat-mouronvalle-avocats.com\/succession-testament\/wp-content\/uploads\/2016\/05\/fotolia_26818611.jpg\",\"contentUrl\":\"https:\/\/www.lachat-mouronvalle-avocats.com\/succession-testament\/wp-content\/uploads\/2016\/05\/fotolia_26818611.jpg\",\"width\":500,\"height\":335},{\"@type\":\"BreadcrumbList\",\"@id\":\"https:\/\/www.lachat-mouronvalle-avocats.com\/succession-testament\/competences\/#breadcrumb\",\"itemListElement\":[{\"@type\":\"ListItem\",\"position\":1,\"name\":\"Accueil\",\"item\":\"https:\/\/www.lachat-mouronvalle-avocats.com\/succession-testament\/\"},{\"@type\":\"ListItem\",\"position\":2,\"name\":\"NOS COMP\u00c9TENCES\"}]},{\"@type\":\"WebSite\",\"@id\":\"https:\/\/www.lachat-mouronvalle-avocats.com\/succession-testament\/#website\",\"url\":\"https:\/\/www.lachat-mouronvalle-avocats.com\/succession-testament\/\",\"name\":\"Lachat Mouronvalle avocats\",\"description\":\"\",\"potentialAction\":[{\"@type\":\"SearchAction\",\"target\":{\"@type\":\"EntryPoint\",\"urlTemplate\":\"https:\/\/www.lachat-mouronvalle-avocats.com\/succession-testament\/?s={search_term_string}\"},\"query-input\":{\"@type\":\"PropertyValueSpecification\",\"valueRequired\":true,\"valueName\":\"search_term_string\"}}],\"inLanguage\":\"fr-FR\"}]}<\/script>\n<!-- \/ Yoast SEO plugin. -->","yoast_head_json":{"title":"Vente immobili\u00e8re - permis de construire - hypoth\u00e8que - Annecy Chambery Vienne","description":"Cabinet d'avocat Lachat Mouronvalle - Sp\u00e9cialis\u00e9 dans le traitement des affaires li\u00e9es aux permis de construire , ventes immobili\u00e8res et hypoth\u00e8que.","robots":{"index":"index","follow":"follow","max-snippet":"max-snippet:-1","max-image-preview":"max-image-preview:large","max-video-preview":"max-video-preview:-1"},"canonical":"https:\/\/www.lachat-mouronvalle-avocats.com\/succession-testament\/competences\/","og_locale":"fr_FR","og_type":"article","og_title":"Vente immobili\u00e8re - permis de construire - hypoth\u00e8que - Annecy Chambery Vienne","og_description":"Cabinet d'avocat Lachat Mouronvalle - Sp\u00e9cialis\u00e9 dans le traitement des affaires li\u00e9es aux permis de construire , ventes immobili\u00e8res et hypoth\u00e8que.","og_url":"https:\/\/www.lachat-mouronvalle-avocats.com\/succession-testament\/competences\/","og_site_name":"Lachat Mouronvalle avocats","article_modified_time":"2021-11-30T08:55:09+00:00","og_image":[{"width":500,"height":335,"url":"https:\/\/www.lachat-mouronvalle-avocats.com\/succession-testament\/wp-content\/uploads\/2016\/05\/fotolia_26818611.jpg","type":"image\/jpeg"}],"twitter_card":"summary_large_image","twitter_misc":{"Dur\u00e9e de lecture estim\u00e9e":"2 minutes"},"schema":{"@context":"https:\/\/schema.org","@graph":[{"@type":"WebPage","@id":"https:\/\/www.lachat-mouronvalle-avocats.com\/succession-testament\/competences\/","url":"https:\/\/www.lachat-mouronvalle-avocats.com\/succession-testament\/competences\/","name":"Vente immobili\u00e8re - permis de construire - hypoth\u00e8que - Annecy Chambery Vienne","isPartOf":{"@id":"https:\/\/www.lachat-mouronvalle-avocats.com\/succession-testament\/#website"},"primaryImageOfPage":{"@id":"https:\/\/www.lachat-mouronvalle-avocats.com\/succession-testament\/competences\/#primaryimage"},"image":{"@id":"https:\/\/www.lachat-mouronvalle-avocats.com\/succession-testament\/competences\/#primaryimage"},"thumbnailUrl":"https:\/\/www.lachat-mouronvalle-avocats.com\/succession-testament\/wp-content\/uploads\/2016\/05\/fotolia_26818611-300x201.jpg","datePublished":"2016-05-18T12:25:23+00:00","dateModified":"2021-11-30T08:55:09+00:00","description":"Cabinet d'avocat Lachat Mouronvalle - Sp\u00e9cialis\u00e9 dans le traitement des affaires li\u00e9es aux permis de construire , ventes immobili\u00e8res et hypoth\u00e8que.","breadcrumb":{"@id":"https:\/\/www.lachat-mouronvalle-avocats.com\/succession-testament\/competences\/#breadcrumb"},"inLanguage":"fr-FR","potentialAction":[{"@type":"ReadAction","target":["https:\/\/www.lachat-mouronvalle-avocats.com\/succession-testament\/competences\/"]}]},{"@type":"ImageObject","inLanguage":"fr-FR","@id":"https:\/\/www.lachat-mouronvalle-avocats.com\/succession-testament\/competences\/#primaryimage","url":"https:\/\/www.lachat-mouronvalle-avocats.com\/succession-testament\/wp-content\/uploads\/2016\/05\/fotolia_26818611.jpg","contentUrl":"https:\/\/www.lachat-mouronvalle-avocats.com\/succession-testament\/wp-content\/uploads\/2016\/05\/fotolia_26818611.jpg","width":500,"height":335},{"@type":"BreadcrumbList","@id":"https:\/\/www.lachat-mouronvalle-avocats.com\/succession-testament\/competences\/#breadcrumb","itemListElement":[{"@type":"ListItem","position":1,"name":"Accueil","item":"https:\/\/www.lachat-mouronvalle-avocats.com\/succession-testament\/"},{"@type":"ListItem","position":2,"name":"NOS COMP\u00c9TENCES"}]},{"@type":"WebSite","@id":"https:\/\/www.lachat-mouronvalle-avocats.com\/succession-testament\/#website","url":"https:\/\/www.lachat-mouronvalle-avocats.com\/succession-testament\/","name":"Lachat Mouronvalle avocats","description":"","potentialAction":[{"@type":"SearchAction","target":{"@type":"EntryPoint","urlTemplate":"https:\/\/www.lachat-mouronvalle-avocats.com\/succession-testament\/?s={search_term_string}"},"query-input":{"@type":"PropertyValueSpecification","valueRequired":true,"valueName":"search_term_string"}}],"inLanguage":"fr-FR"}]}},"_links":{"self":[{"href":"https:\/\/www.lachat-mouronvalle-avocats.com\/succession-testament\/wp-json\/wp\/v2\/pages\/11","targetHints":{"allow":["GET"]}}],"collection":[{"href":"https:\/\/www.lachat-mouronvalle-avocats.com\/succession-testament\/wp-json\/wp\/v2\/pages"}],"about":[{"href":"https:\/\/www.lachat-mouronvalle-avocats.com\/succession-testament\/wp-json\/wp\/v2\/types\/page"}],"author":[{"embeddable":true,"href":"https:\/\/www.lachat-mouronvalle-avocats.com\/succession-testament\/wp-json\/wp\/v2\/users\/61"}],"replies":[{"embeddable":true,"href":"https:\/\/www.lachat-mouronvalle-avocats.com\/succession-testament\/wp-json\/wp\/v2\/comments?post=11"}],"version-history":[{"count":50,"href":"https:\/\/www.lachat-mouronvalle-avocats.com\/succession-testament\/wp-json\/wp\/v2\/pages\/11\/revisions"}],"predecessor-version":[{"id":859,"href":"https:\/\/www.lachat-mouronvalle-avocats.com\/succession-testament\/wp-json\/wp\/v2\/pages\/11\/revisions\/859"}],"wp:attachment":[{"href":"https:\/\/www.lachat-mouronvalle-avocats.com\/succession-testament\/wp-json\/wp\/v2\/media?parent=11"}],"curies":[{"name":"wp","href":"https:\/\/api.w.org\/{rel}","templated":true}]}}